{"id":3353,"date":"2026-03-04T08:25:22","date_gmt":"2026-03-04T08:25:22","guid":{"rendered":"https:\/\/itsfero.ge\/?post_type=product&#038;p=3353"},"modified":"2026-04-10T20:50:30","modified_gmt":"2026-04-10T20:50:30","slug":"4-mp-smart-hybrid-light-fixed-bullet-network-camera","status":"publish","type":"product","link":"https:\/\/itsfero.ge\/en\/product\/4-mp-smart-hybrid-light-fixed-bullet-network-camera\/","title":{"rendered":"4 MP Smart Hybrid Light Fixed Bullet \u10e5\u10e1\u10d4\u10da\u10e3\u10e0\u10d8 \u10d9\u10d0\u10db\u10d4\u10e0\u10d0"},"content":{"rendered":"<ul>\n<li><b>Camera<\/b><\/li>\n<li><span class=\"tech-specs-items-description__title\">Image Sensor<\/span><span class=\"tech-specs-items-description__title-details\" data-spec-url=\"null\"><span class=\"at-action action-lazy\" data-at-module=\"Specification::spec_chart::1\/3\">1\/3&#8243; Progressive Scan CMOS<\/span><\/span><\/li>\n<li><span class=\"tech-specs-items-description__title\">Max. Resolution<\/span><span class=\"tech-specs-items-description__title-details\" data-spec-url=\"null\"><span class=\"at-action action-lazy\" data-at-module=\"Specification::spec_chart::2560 \u00d7 1440\">2560 \u00d7 1440<\/span><\/span><\/li>\n<li><span class=\"tech-specs-items-description__title\">Min. Illumination<\/span><span class=\"tech-specs-items-description__title-details\" data-spec-url=\"null\"><span class=\"at-action action-lazy\" data-at-module=\"Specification::spec_chart::Color: 0.005 Lux @ (F1.6, AGC ON),B\/W: 0 Lux with IR\">Color: 0.005 Lux @ (F1.6, AGC ON),B\/W: 0 Lux with IR<\/span><\/span><\/li>\n<li><span class=\"tech-specs-items-description__title\">Shutter Time<\/span><span class=\"tech-specs-items-description__title-details\" data-spec-url=\"null\"><span class=\"at-action action-lazy\" data-at-module=\"Specification::spec_chart::1\/3 s to 1\/100,000 s\">1\/3 s to 1\/100,000 s<\/span><\/span><\/li>\n<li><span class=\"tech-specs-items-description__title\">Day &amp; Night<\/span><span class=\"tech-specs-items-description__title-details\" data-spec-url=\"null\"><span class=\"at-action action-lazy\" data-at-module=\"Specification::spec_chart::IR cut filter\">IR cut filter<\/span><\/span><\/li>\n<li><span class=\"tech-specs-items-description__title\">Angle Adjustment<\/span><span class=\"tech-specs-items-description__title-details\" data-spec-url=\"null\"><span class=\"at-action action-lazy\" data-at-module=\"Specification::spec_chart::Pan: 0\u00b0 to 360\u00b0,tilt: 0\u00b0 to 90\u00b0,rotate: 0\u00b0 to 360\u00b0 \">Pan: 0\u00b0 to 360\u00b0,tilt: 0\u00b0 to 90\u00b0,rotate: 0\u00b0 to 360\u00b0<\/span><\/span><\/li>\n<\/ul>\n<ul>\n<li><b>Lens<\/b><\/li>\n<li><span class=\"tech-specs-items-description__title\">Lens Type<\/span><span class=\"tech-specs-items-description__title-details\" data-spec-url=\"null\"><span class=\"at-action action-lazy\" data-at-module=\"Specification::spec_chart::Fixed focal lens, 2.8 and 4 mm optional\">Fixed focal lens, 2.8 and 4 mm optional<\/span><\/span><\/li>\n<li><span class=\"tech-specs-items-description__title\">Focal Length &amp; FOV<\/span>2.8 mm, horizontal FOV 98\u00b0, vertical FOV 54\u00b0, diagonal FOV 114\u00b04 mm, horizontal FOV 78\u00b0, vertical FOV 42\u00b0, diagonal FOV 93\u00b0<\/li>\n<li><span class=\"tech-specs-items-description__title\">Lens Mount<\/span><span class=\"tech-specs-items-description__title-details\" data-spec-url=\"null\"><span class=\"at-action action-lazy\" data-at-module=\"Specification::spec_chart::M12\">M12<\/span><\/span><\/li>\n<li><span class=\"tech-specs-items-description__title\">Iris Type<\/span><span class=\"tech-specs-items-description__title-details\" data-spec-url=\"null\"><span class=\"at-action action-lazy\" data-at-module=\"Specification::spec_chart::Fixed\">Fixed<\/span><\/span><\/li>\n<li><span class=\"tech-specs-items-description__title\">Aperture<\/span><span class=\"tech-specs-items-description__title-details\" data-spec-url=\"null\"><span class=\"at-action action-lazy\" data-at-module=\"Specification::spec_chart::F1.6\">F1.6<\/span><\/span><\/li>\n<\/ul>\n<ul>\n<li><b>DORI<\/b><\/li>\n<li><span class=\"tech-specs-items-description__title\">DORI<\/span>2.8 mm, D: 63 m, O: 25 m, R: 12 m, I: 6 m4 mm, D: 78 m, O: 31 m, R: 15 m, I: 7 m<\/li>\n<\/ul>\n<ul>\n<li><b>Illuminator<\/b><\/li>\n<li><span class=\"tech-specs-items-description__title\">Supplement Light Type<\/span><span class=\"tech-specs-items-description__title-details\" data-spec-url=\"null\"><span class=\"at-action action-lazy\" data-at-module=\"Specification::spec_chart::IR,White Light\">IR,White Light<\/span><\/span><\/li>\n<li><span class=\"tech-specs-items-description__title\">Supplement Light Range<\/span><span class=\"tech-specs-items-description__title-details\" data-spec-url=\"null\"><span class=\"at-action action-lazy\" data-at-module=\"Specification::spec_chart::Up to 30 m\">Up to 30 m<\/span><\/span><\/li>\n<li><span class=\"tech-specs-items-description__title\">Smart Supplement Light<\/span><span class=\"tech-specs-items-description__title-details\" data-spec-url=\"null\"><span class=\"at-action action-lazy\" data-at-module=\"Specification::spec_chart::Yes\">Yes<\/span><\/span><\/li>\n<li><span class=\"tech-specs-items-description__title\">IR Wavelength<\/span><span class=\"tech-specs-items-description__title-details\" data-spec-url=\"null\"><span class=\"at-action action-lazy\" data-at-module=\"Specification::spec_chart::850 nm\">850 nm<\/span><\/span><\/li>\n<\/ul>\n<ul>\n<li><b>Video<\/b><\/li>\n<li><span class=\"tech-specs-items-description__title\">Main Stream<\/span>50 Hz:20 fps (2560 \u00d7 1440)\n<p>25 fps (1920 \u00d7 1080, 1280 \u00d7 720)<\/p>\n<p>60 Hz:<\/p>\n<p>20 fps (2560 \u00d7 1440)<\/p>\n<p>24 fps (1920 \u00d7 1080, 1280 \u00d7 720)<\/li>\n<li><span class=\"tech-specs-items-description__title\">Sub-Stream<\/span>50 Hz: 25 fps (1280 \u00d7 720, 640 \u00d7 480, 640 \u00d7 360)60 Hz: 24 fps (1280 \u00d7 720, 640 \u00d7 480, 640 \u00d7 360)<\/li>\n<li><span class=\"tech-specs-items-description__title\">Video Compression<\/span>Main stream: H.265+\/H.265\/H.264+\/H.264,Sub-stream: H.265\/H.264\/MJPEG<\/li>\n<li><span class=\"tech-specs-items-description__title\">Video Bit Rate<\/span><span class=\"tech-specs-items-description__title-details\" data-spec-url=\"null\"><span class=\"at-action action-lazy\" data-at-module=\"Specification::spec_chart::32 Kbps to 8 Mbps\">32 Kbps to 8 Mbps<\/span><\/span><\/li>\n<li><span class=\"tech-specs-items-description__title\">H.264 Type<\/span><span class=\"tech-specs-items-description__title-details\" data-spec-url=\"null\"><span class=\"at-action action-lazy\" data-at-module=\"Specification::spec_chart::Baseline Profile,Main Profile,High Profile\">Baseline Profile,Main Profile,High Profile<\/span><\/span><\/li>\n<li><span class=\"tech-specs-items-description__title\">H.265 Type<\/span><span class=\"tech-specs-items-description__title-details\" data-spec-url=\"null\"><span class=\"at-action action-lazy\" data-at-module=\"Specification::spec_chart::Main Profile\">Main Profile<\/span><\/span><\/li>\n<li><span class=\"tech-specs-items-description__title\">Bit Rate Control<\/span><span class=\"tech-specs-items-description__title-details\" data-spec-url=\"null\"><span class=\"at-action action-lazy\" data-at-module=\"Specification::spec_chart::CBR,VBR\">CBR,VBR<\/span><\/span><\/li>\n<li><span class=\"tech-specs-items-description__title\">Region of Interest (ROI)<\/span><span class=\"tech-specs-items-description__title-details\" data-spec-url=\"null\"><span class=\"at-action action-lazy\" data-at-module=\"Specification::spec_chart::1 fixed region for main stream\">1 fixed region for main stream<\/span><\/span><\/li>\n<\/ul>\n<ul>\n<li><b>Audio<\/b><\/li>\n<li><span class=\"tech-specs-items-description__title\">Audio Type<\/span><span class=\"tech-specs-items-description__title-details\" data-spec-url=\"null\"><span class=\"at-action action-lazy\" data-at-module=\"Specification::spec_chart::Mono sound\">Mono sound<\/span><\/span><\/li>\n<li><span class=\"tech-specs-items-description__title\">Environment Noise Filtering<\/span><span class=\"tech-specs-items-description__title-details\" data-spec-url=\"null\"><span class=\"at-action action-lazy\" data-at-module=\"Specification::spec_chart::Yes\">Yes<\/span><\/span><\/li>\n<li><span class=\"tech-specs-items-description__title\">Audio Sampling Rate<\/span><span class=\"tech-specs-items-description__title-details\" data-spec-url=\"null\"><span class=\"at-action action-lazy\" data-at-module=\"Specification::spec_chart::8 kHz\/16 kHz\">8 kHz\/16 kHz<\/span><\/span><\/li>\n<li><span class=\"tech-specs-items-description__title\">Audio Compression<\/span><span class=\"tech-specs-items-description__title-details\" data-spec-url=\"null\"><span class=\"at-action action-lazy\" data-at-module=\"Specification::spec_chart::G.711ulaw\/G.711alaw\/G.722.1\/G.726\/MP2L2\/PCM\/AAC-LC\">G.711ulaw\/G.711alaw\/G.722.1\/G.726\/MP2L2\/PCM\/AAC-LC<\/span><\/span><\/li>\n<li><span class=\"tech-specs-items-description__title\">Audio Bit Rate<\/span><span class=\"tech-specs-items-description__title-details\" data-spec-url=\"null\"><span class=\"at-action action-lazy\" data-at-module=\"Specification::spec_chart::64 Kbps (G.711 ulaw)\/64 Kbps (G.711 alaw)\/16 Kbps (G.722.1)\/16 Kbps (G.726)\/32 to 160 Kbps (MP2L2)\/16 to 64 Kbps (AAC-LC)\">64 Kbps (G.711 ulaw)\/64 Kbps (G.711 alaw)\/16 Kbps (G.722.1)\/16 Kbps (G.726)\/32 to 160 Kbps (MP2L2)\/16 to 64 Kbps (AAC-LC)<\/span><\/span><\/li>\n<\/ul>\n<ul>\n<li><b>Network<\/b><\/li>\n<li><span class=\"tech-specs-items-description__title\">Security<\/span><span class=\"tech-specs-items-description__title-details\" data-spec-url=\"null\"><span class=\"at-action action-lazy\" data-at-module=\"Specification::spec_chart::Password protection, complicated password, watermark, basic and digest authentication for HTTP, WSSE and digest authentication for Open Network Video Interface, security audit log, host authentication (MAC address)\">Password protection, complicated password, watermark, basic and digest authentication for HTTP, WSSE and digest authentication for Open Network Video Interface, security audit log, host authentication (MAC address)<\/span><\/span><\/li>\n<li><span class=\"tech-specs-items-description__title\">Simultaneous Live View<\/span><span class=\"tech-specs-items-description__title-details\" data-spec-url=\"null\"><span class=\"at-action action-lazy\" data-at-module=\"Specification::spec_chart::Up to 6 channels\">Up to 6 channels<\/span><\/span><\/li>\n<li><span class=\"tech-specs-items-description__title\">API<\/span><span class=\"tech-specs-items-description__title-details\" data-spec-url=\"null\"><span class=\"at-action action-lazy\" data-at-module=\"Specification::spec_chart::Open Network Video Interface (Profile S, Profile T, Profile G (only -F model supports)),ISAPI,SDK\">Open Network Video Interface (Profile S, Profile T, Profile G (only -F model supports)),ISAPI,SDK<\/span><\/span><\/li>\n<li><span class=\"tech-specs-items-description__title\">Protocols<\/span><span class=\"tech-specs-items-description__title-details\" data-spec-url=\"null\"><span class=\"at-action action-lazy\" data-at-module=\"Specification::spec_chart::TCP\/IP, ICMP, DHCP, DNS, HTTP, RTP, RTSP, NTP, IGMP, IPv6, UDP, QoS, FTP, SMTP\">TCP\/IP, ICMP, DHCP, DNS, HTTP, RTP, RTSP, NTP, IGMP, IPv6, UDP, QoS, FTP, SMTP<\/span><\/span><\/li>\n<li><span class=\"tech-specs-items-description__title\">User\/Host<\/span>Up to 32 users3 user levels: administrator, operator, and user<\/li>\n<li><span class=\"tech-specs-items-description__title\">Client<\/span><span class=\"tech-specs-items-description__title-details\" data-spec-url=\"null\"><span class=\"at-action action-lazy\" data-at-module=\"Specification::spec_chart::iVMS-4200,Hik-Connect\">iVMS-4200,Hik-Connect<\/span><\/span><\/li>\n<li><span class=\"tech-specs-items-description__title\">Web Browser<\/span>Plug-in required live view: IE 10, IE 11,Local service: Chrome 57.0+, Firefox 52.0+<\/li>\n<\/ul>\n<ul>\n<li><b>Image<\/b><\/li>\n<li><span class=\"tech-specs-items-description__title\">Wide Dynamic Range (WDR)<\/span><span class=\"tech-specs-items-description__title-details\" data-spec-url=\"null\"><span class=\"at-action action-lazy\" data-at-module=\"Specification::spec_chart::120 dB\">120 dB<\/span><\/span><\/li>\n<li><span class=\"tech-specs-items-description__title\">SNR<\/span><span class=\"tech-specs-items-description__title-details\" data-spec-url=\"null\"><span class=\"at-action action-lazy\" data-at-module=\"Specification::spec_chart::\u2265 52 dB\">\u2265 52 dB<\/span><\/span><\/li>\n<li><span class=\"tech-specs-items-description__title\">Day\/Night Switch<\/span><span class=\"tech-specs-items-description__title-details\" data-spec-url=\"null\"><span class=\"at-action action-lazy\" data-at-module=\"Specification::spec_chart::Day,Night,Auto,Schedule\">Day,Night,Auto,Schedule<\/span><\/span><\/li>\n<li><span class=\"tech-specs-items-description__title\">Image Enhancement<\/span><span class=\"tech-specs-items-description__title-details\" data-spec-url=\"null\"><span class=\"at-action action-lazy\" data-at-module=\"Specification::spec_chart::BLC,HLC,3D DNR\">BLC,HLC,3D DNR<\/span><\/span><\/li>\n<li><span class=\"tech-specs-items-description__title\">Image Settings<\/span><span class=\"tech-specs-items-description__title-details\" data-spec-url=\"null\"><span class=\"at-action action-lazy\" data-at-module=\"Specification::spec_chart::Rotate mode,saturation,brightness,contrast,sharpness,gain,white balance,adjustable by client software or web browser\">Rotate mode,saturation,brightness,contrast,sharpness,gain,white balance,adjustable by client software or web browser<\/span><\/span><\/li>\n<li><span class=\"tech-specs-items-description__title\">Privacy Mask<\/span><span class=\"tech-specs-items-description__title-details\" data-spec-url=\"null\"><span class=\"at-action action-lazy\" data-at-module=\"Specification::spec_chart::4 programmable polygon privacy masks\">4 programmable polygon privacy masks<\/span><\/span><\/li>\n<\/ul>\n<ul>\n<li><b>Interface<\/b><\/li>\n<li><span class=\"tech-specs-items-description__title\">Ethernet Interface<\/span><span class=\"tech-specs-items-description__title-details\" data-spec-url=\"null\"><span class=\"at-action action-lazy\" data-at-module=\"Specification::spec_chart::1 RJ45 10 M\/100 M self-adaptive Ethernet port\">1 RJ45 10 M\/100 M self-adaptive Ethernet port<\/span><\/span><\/li>\n<li><span class=\"tech-specs-items-description__title\">On-Board Storage<\/span><span class=\"tech-specs-items-description__title-details\" data-spec-url=\"null\"><span class=\"at-action action-lazy\" data-at-module=\"Specification::spec_chart::-F: Built-in memory card slot, support microSD\/microSDHC\/microSDXC card, up to 512 GB\">-F: Built-in memory card slot, support microSD\/microSDHC\/microSDXC card, up to 512 GB<\/span><\/span><\/li>\n<li><span class=\"tech-specs-items-description__title\">Built-in Microphone<\/span><span class=\"tech-specs-items-description__title-details\" data-spec-url=\"null\"><span class=\"at-action action-lazy\" data-at-module=\"Specification::spec_chart::Yes\">Yes<\/span><\/span><\/li>\n<li><span class=\"tech-specs-items-description__title\">Reset Key<\/span><span class=\"tech-specs-items-description__title-details\" data-spec-url=\"null\"><span class=\"at-action action-lazy\" data-at-module=\"Specification::spec_chart::-F: Yes\">-F: Yes<\/span><\/span><\/li>\n<\/ul>\n<ul>\n<li><b>Event<\/b><\/li>\n<li><span class=\"tech-specs-items-description__title\">Basic Event<\/span><span class=\"tech-specs-items-description__title-details\" data-spec-url=\"null\"><span class=\"at-action action-lazy\" data-at-module=\"Specification::spec_chart::Motion detection (support alarm triggering by specified target types (human and vehicle)),video tampering alarm,exception\">Motion detection (support alarm triggering by specified target types (human and vehicle)),video tampering alarm,exception<\/span><\/span><\/li>\n<li><span class=\"tech-specs-items-description__title\">Linkage<\/span><span class=\"tech-specs-items-description__title-details\" data-spec-url=\"null\"><span class=\"at-action action-lazy\" data-at-module=\"Specification::spec_chart::Upload to FTP\/memory card (-F), send email, notify surveillance center, trigger recording (-F), trigger capture\">Upload to FTP\/memory card (-F), send email, notify surveillance center, trigger recording (-F), trigger capture<\/span><\/span><\/li>\n<\/ul>\n<ul>\n<li><b>General<\/b><\/li>\n<li><span class=\"tech-specs-items-description__title\">Power<\/span>12 VDC \u00b1 25%, 0.4 A, max. 5 W,\u00d85.5 mm coaxial power plug,reverse polarity protection,PoE: IEEE 802.3af, Class 3, max. 6.5 W<\/li>\n<li><span class=\"tech-specs-items-description__title\">Material<\/span><span class=\"tech-specs-items-description__title-details\" data-spec-url=\"null\"><span class=\"at-action action-lazy\" data-at-module=\"Specification::spec_chart::Metal &amp; Plastic\">Metal &amp; Plastic<\/span><\/span><\/li>\n<li><span class=\"tech-specs-items-description__title\">Dimension<\/span><span class=\"tech-specs-items-description__title-details\" data-spec-url=\"null\"><span class=\"at-action action-lazy\" data-at-module=\"Specification::spec_chart::170.8 mm \u00d7 66 mm \u00d7 69.1 mm (6.7\">170.8 mm \u00d7 66 mm \u00d7 69.1 mm (6.7&#8243; \u00d7 2.6&#8243; \u00d7 2.7&#8243;)<\/span><\/span><\/li>\n<li><span class=\"tech-specs-items-description__title\">Package Dimension<\/span><span class=\"tech-specs-items-description__title-details\" data-spec-url=\"null\"><span class=\"at-action action-lazy\" data-at-module=\"Specification::spec_chart::216 mm \u00d7 121 mm \u00d7 118 mm (8.5\">216 mm \u00d7 121 mm \u00d7 118 mm (8.5&#8243; \u00d7 4.8&#8243; \u00d7 4.6&#8243;)<\/span><\/span><\/li>\n<li><span class=\"tech-specs-items-description__title\">Weight<\/span><span class=\"tech-specs-items-description__title-details\" data-spec-url=\"null\"><span class=\"at-action action-lazy\" data-at-module=\"Specification::spec_chart::Approx. 270 g (0.6 lb.)\">Approx. 270 g (0.6 lb.)<\/span><\/span><\/li>\n<li><span class=\"tech-specs-items-description__title\">With Package Weight<\/span><span class=\"tech-specs-items-description__title-details\" data-spec-url=\"null\"><span class=\"at-action action-lazy\" data-at-module=\"Specification::spec_chart::Approx. 481 g (1.1 lb.)\">Approx. 481 g (1.1 lb.)<\/span><\/span><\/li>\n<li><span class=\"tech-specs-items-description__title\">Storage Conditions<\/span><span class=\"tech-specs-items-description__title-details\" data-spec-url=\"null\"><span class=\"at-action action-lazy\" data-at-module=\"Specification::spec_chart::-30 \u00b0C to 60 \u00b0C (-22 \u00b0F to 140 \u00b0F). Humidity 95% or less (non-condensing)\">-30 \u00b0C to 60 \u00b0C (-22 \u00b0F to 140 \u00b0F). Humidity 95% or less (non-condensing)<\/span><\/span><\/li>\n<li><span class=\"tech-specs-items-description__title\">Startup and Operating Conditions<\/span><span class=\"tech-specs-items-description__title-details\" data-spec-url=\"null\"><span class=\"at-action action-lazy\" data-at-module=\"Specification::spec_chart::-30 \u00b0C to 60 \u00b0C (-22 \u00b0F to 140 \u00b0F). Humidity 95% or less (non-condensing)\">-30 \u00b0C to 60 \u00b0C (-22 \u00b0F to 140 \u00b0F). Humidity 95% or less (non-condensing)<\/span><\/span><\/li>\n<li><span class=\"tech-specs-items-description__title\">Language<\/span><span class=\"tech-specs-items-description__title-details\" data-spec-url=\"null\"><span class=\"at-action action-lazy\" data-at-module=\"Specification::spec_chart::English, Ukrainian\">English, Ukrainian<\/span><\/span><\/li>\n<li><span class=\"tech-specs-items-description__title\">General Function<\/span><span class=\"tech-specs-items-description__title-details\" data-spec-url=\"null\"><span class=\"at-action action-lazy\" data-at-module=\"Specification::spec_chart::Heartbeat,anti-banding,mirror,password protection,password reset via email\">Heartbeat,anti-banding,mirror,password protection,password reset via email<\/span><\/span><\/li>\n<\/ul>\n<ul>\n<li><b>Approval<\/b><\/li>\n<li><span class=\"tech-specs-items-description__title\">EMC<\/span>FCC: 47 CFR Part 15, Subpart B,CE-EMC: EN 55032: 2015, EN 61000-3-2:2019, EN 61000-3-3: 2013+A1:2019, EN 50130-4: 2011 +A1: 2014,\n<p>RCM: AS\/NZS CISPR 32: 2015,<\/p>\n<p>IC: ICES-003: Issue 7<\/li>\n<li><span class=\"tech-specs-items-description__title\">Safety<\/span>UL: UL 62368-1,CB: IEC 62368-1: 2014+A11,\n<p>CE-LVD: EN 62368-1: 2014\/A11: 2017,<\/p>\n<p>BIS: IS 13252 (Part 1): 2010\/IEC 60950-1: 2005<\/li>\n<li><span class=\"tech-specs-items-description__title\">Environment<\/span>CE-RoHS: 2011\/65\/EU,WEEE: 2012\/19\/EU,\n<p>Reach: Regulation (EC) No 1907\/2006<\/li>\n<li><span class=\"tech-specs-items-description__title\">Protection<\/span><span class=\"tech-specs-items-description__title-details\" data-spec-url=\"null\"><span class=\"at-action action-lazy\" data-at-module=\"Specification::spec_chart::IP67: IEC 60529-2013\">IP67: IEC 60529-2013<\/span><\/span><\/li>\n<\/ul>","protected":false},"excerpt":{"rendered":"<ul>\n<li>High quality imaging with 4 MP resolution<\/li>\n<li>Support Human and Vehicle Detection<\/li>\n<li>Smart Hybrid Light: advanced technology with long range<\/li>\n<li>Built-in microphone for real-time audio security<\/li>\n<li>Water and dust resistant (IP67)<\/li>\n<li>Efficient H.265+ compression technology<\/li>\n<li>Support on-board storage up to 512 GB (SD card slot) (Optional)<\/li>\n<\/ul>","protected":false},"featured_media":3354,"comment_status":"open","ping_status":"closed","template":"","meta":[],"product_brand":[65],"product_cat":[362,327,15],"product_tag":[],"class_list":{"0":"post-3353","1":"product","2":"type-product","3":"status-publish","4":"has-post-thumbnail","6":"product_brand-hikvision","7":"product_cat-4--ip-","8":"product_cat-ip-","9":"product_cat-15","11":"first","12":"instock","13":"shipping-taxable","14":"purchasable","15":"product-type-simple"},"_links":{"self":[{"href":"https:\/\/itsfero.ge\/en\/wp-json\/wp\/v2\/product\/3353","targetHints":{"allow":["GET"]}}],"collection":[{"href":"https:\/\/itsfero.ge\/en\/wp-json\/wp\/v2\/product"}],"about":[{"href":"https:\/\/itsfero.ge\/en\/wp-json\/wp\/v2\/types\/product"}],"replies":[{"embeddable":true,"href":"https:\/\/itsfero.ge\/en\/wp-json\/wp\/v2\/comments?post=3353"}],"version-history":[{"count":4,"href":"https:\/\/itsfero.ge\/en\/wp-json\/wp\/v2\/product\/3353\/revisions"}],"predecessor-version":[{"id":3360,"href":"https:\/\/itsfero.ge\/en\/wp-json\/wp\/v2\/product\/3353\/revisions\/3360"}],"wp:featuredmedia":[{"embeddable":true,"href":"https:\/\/itsfero.ge\/en\/wp-json\/wp\/v2\/media\/3354"}],"wp:attachment":[{"href":"https:\/\/itsfero.ge\/en\/wp-json\/wp\/v2\/media?parent=3353"}],"wp:term":[{"taxonomy":"product_brand","embeddable":true,"href":"https:\/\/itsfero.ge\/en\/wp-json\/wp\/v2\/product_brand?post=3353"},{"taxonomy":"product_cat","embeddable":true,"href":"https:\/\/itsfero.ge\/en\/wp-json\/wp\/v2\/product_cat?post=3353"},{"taxonomy":"product_tag","embeddable":true,"href":"https:\/\/itsfero.ge\/en\/wp-json\/wp\/v2\/product_tag?post=3353"}],"curies":[{"name":"wp","href":"https:\/\/api.w.org\/{rel}","templated":true}]}}