{"id":3232,"date":"2026-01-29T18:29:29","date_gmt":"2026-01-29T18:29:29","guid":{"rendered":"https:\/\/itsfero.ge\/?post_type=product&#038;p=3232"},"modified":"2026-04-10T20:53:04","modified_gmt":"2026-04-10T20:53:04","slug":"4%e1%83%9b%e1%83%9e-%e1%83%92%e1%83%90%e1%83%a0%e1%83%94-%e1%83%99%e1%83%90%e1%83%9b%e1%83%94%e1%83%a0%e1%83%90-4-0%e1%83%9b%e1%83%9b-%e1%83%9a%e1%83%98%e1%83%9c%e1%83%96%e1%83%98%e1%83%97-%e1%83%9d","status":"publish","type":"product","link":"https:\/\/itsfero.ge\/en\/product\/4%e1%83%9b%e1%83%9e-%e1%83%92%e1%83%90%e1%83%a0%e1%83%94-%e1%83%99%e1%83%90%e1%83%9b%e1%83%94%e1%83%a0%e1%83%90-4-0%e1%83%9b%e1%83%9b-%e1%83%9a%e1%83%98%e1%83%9c%e1%83%96%e1%83%98%e1%83%97-%e1%83%9d\/","title":{"rendered":"4\u10db\u10de \u10d2\u10d0\u10e0\u10d4 \u10d9\u10d0\u10db\u10d4\u10e0\u10d0 4.0 \u10db\u10db \u10da\u10d8\u10dc\u10d6\u10d8\u10d7, \u10dd\u10e0\u10db\u10d0\u10d2\u10d8 \u10dc\u10d0\u10d7\u10d4\u10d1\u10d8\u10d7,\u10db\u10d8\u10d9\u10e0\u10dd\u10e4\u10dd\u10dc\u10d8"},"content":{"rendered":"<table border=\"1\" cellspacing=\"1\" cellpadding=\"1\">\n<tbody>\n<tr>\n<td><strong>Model<\/strong><\/td>\n<td><strong>IPC\u2011B134\u2011AF40\u2011DL\u2011ECO<\/strong><\/td>\n<\/tr>\n<tr>\n<td colspan=\"2\">Camera<\/td>\n<\/tr>\n<tr>\n<td>Max Resolution<\/td>\n<td>4 MP<\/td>\n<\/tr>\n<tr>\n<td>Sensor<\/td>\n<td>1\/3.0&#8243; CMOS<\/td>\n<\/tr>\n<tr>\n<td>Min. Illumination<\/td>\n<td>Color: 0.003 Lux (F1.6, AGC ON), 0 Lux with light<\/td>\n<\/tr>\n<tr>\n<td>Day\/Night<\/td>\n<td>IR\u2011cut filter with auto switch (ICR)<\/td>\n<\/tr>\n<tr>\n<td>Shutter<\/td>\n<td>Auto\/Manual, 1 to 1\/100000 s<\/td>\n<\/tr>\n<tr>\n<td>Adjustment Angle<\/td>\n<td>Pan: 0\u00b0 to 360\u00b0, Tilt: 0\u00b0 to 80\u00b0, Rotate: 0\u00b0 to 360\u00b0<\/td>\n<\/tr>\n<tr>\n<td>S\/N<\/td>\n<td>&gt; 52 dB<\/td>\n<\/tr>\n<tr>\n<td>WDR<\/td>\n<td>DWDR<\/td>\n<\/tr>\n<tr>\n<td colspan=\"2\">Lens<\/td>\n<\/tr>\n<tr>\n<td>Focal Length<\/td>\n<td>4.0\u00a0mm<\/td>\n<\/tr>\n<tr>\n<td>Iris<\/td>\n<td>F1.6<\/td>\n<\/tr>\n<tr>\n<td>Field of View (H)<\/td>\n<td>77.4 \u00b0<\/td>\n<\/tr>\n<tr>\n<td>Field of View (V)<\/td>\n<td>41.9\u00b0<\/td>\n<\/tr>\n<tr>\n<td>Field of View (D)<\/td>\n<td>90.5 \u00b0<\/td>\n<\/tr>\n<tr>\n<td colspan=\"2\">DORI<\/td>\n<\/tr>\n<tr>\n<td>DORI Distance (Lens)<\/td>\n<td>2.8 mm<\/td>\n<\/tr>\n<tr>\n<td>DORI Distance (Detect)<\/td>\n<td>63.0 m (206.7 ft.)<\/td>\n<\/tr>\n<tr>\n<td>DORI Distance (Observe)<\/td>\n<td>25.2 m (82.7 ft.)<\/td>\n<\/tr>\n<tr>\n<td>DORI Distance (Recognize)<\/td>\n<td>12.6 m (41.3 ft.)<\/td>\n<\/tr>\n<tr>\n<td>DORI Distance (Identify)<\/td>\n<td>6.3 m (20.7 ft.)<\/td>\n<\/tr>\n<tr>\n<td colspan=\"2\">Illuminator<\/td>\n<\/tr>\n<tr>\n<td>Supplemental Light<\/td>\n<td>Dual light<\/td>\n<\/tr>\n<tr>\n<td>Illumination Distance (Warm Light)<\/td>\n<td>15 m (49.2 ft.)<\/td>\n<\/tr>\n<tr>\n<td>Illumination Distance (IR)<\/td>\n<td>30 m (98.4 ft.)<\/td>\n<\/tr>\n<tr>\n<td>Wavelength<\/td>\n<td>850 nm<\/td>\n<\/tr>\n<tr>\n<td>IR On\/Off Control<\/td>\n<td>Auto\/Manual<\/td>\n<\/tr>\n<tr>\n<td colspan=\"2\">Video<\/td>\n<\/tr>\n<tr>\n<td>Video Compression<\/td>\n<td>Ultra 265, H.265, H.264<\/td>\n<\/tr>\n<tr>\n<td>H.264 Code Profile<\/td>\n<td>Baseline profile, Main profile, High profile<\/td>\n<\/tr>\n<tr>\n<td rowspan=\"2\">Frame Rate<\/td>\n<td>Main Stream: 4 MP (2560 \u00d7 1440), max. 25 fps; 3 MP (2304 \u00d7 1296), max. 30 fps; 1080P (1920 \u00d7 1080), max. 30 fps<\/td>\n<\/tr>\n<tr>\n<td>Sub Stream: 640 \u00d7 360, max. 30 fps; 2CIF (704 \u00d7 288), max. 30 fps; CIF (352 \u00d7 288), max. 30 fps<\/td>\n<\/tr>\n<tr>\n<td>Video Bit Rate<\/td>\n<td>128 Kbps to 6144 Kbps<\/td>\n<\/tr>\n<tr>\n<td>U\u2011code<\/td>\n<td>Support<\/td>\n<\/tr>\n<tr>\n<td>OSD<\/td>\n<td>Up to 4 OSDs<\/td>\n<\/tr>\n<tr>\n<td>Privacy Mask<\/td>\n<td>Up to 4 areas<\/td>\n<\/tr>\n<tr>\n<td>ROI<\/td>\n<td>Support<\/td>\n<\/tr>\n<tr>\n<td>Video Stream<\/td>\n<td>Dual streams<\/td>\n<\/tr>\n<tr>\n<td colspan=\"2\">Image<\/td>\n<\/tr>\n<tr>\n<td>White Balance<\/td>\n<td>Auto, Outdoor, Fine tune, Sodium lamp, Locked, Auto2, Area white balance<\/td>\n<\/tr>\n<tr>\n<td>Digital Noise Reduction<\/td>\n<td>2D\/3D DNR<\/td>\n<\/tr>\n<tr>\n<td>Smart IR<\/td>\n<td>Support<\/td>\n<\/tr>\n<tr>\n<td>Flip<\/td>\n<td>Normal, Flip vertical, Flip horizontal, 180\u00b0<\/td>\n<\/tr>\n<tr>\n<td>Dewarping<\/td>\n<td>N\/A<\/td>\n<\/tr>\n<tr>\n<td>HLC<\/td>\n<td>Support<\/td>\n<\/tr>\n<tr>\n<td>BLC<\/td>\n<td>Support<\/td>\n<\/tr>\n<tr>\n<td>Defog<\/td>\n<td>Digital defog<\/td>\n<\/tr>\n<tr>\n<td colspan=\"2\">Events<\/td>\n<\/tr>\n<tr>\n<td>Basic Detection<\/td>\n<td>Motion detection, Audio detection, Human body detection 2.0<\/td>\n<\/tr>\n<tr>\n<td>General Function<\/td>\n<td>Watermark, IP address filtering, Access policy, ARP protection, RTSP authentication, User authentication, HTTP authentication<\/td>\n<\/tr>\n<tr>\n<td colspan=\"2\">Audio<\/td>\n<\/tr>\n<tr>\n<td>Audio Compression<\/td>\n<td>G.711U, G.711A<\/td>\n<\/tr>\n<tr>\n<td>Audio Bitrate<\/td>\n<td>64 Kbps<\/td>\n<\/tr>\n<tr>\n<td>Two\u2011way Audio<\/td>\n<td>N\/A<\/td>\n<\/tr>\n<tr>\n<td>Suppression<\/td>\n<td>Support<\/td>\n<\/tr>\n<tr>\n<td>Sampling Rate<\/td>\n<td>8 kHz<\/td>\n<\/tr>\n<tr>\n<td colspan=\"2\">Network<\/td>\n<\/tr>\n<tr>\n<td>Protocols<\/td>\n<td>IPv4, IGMP, ICMP, ARP, TCP, UDP, DHCP, RTP, RTSP, DNS, DDNS, NTP, UPnP, HTTP, QoS, RTCP, RTMP, SNMP<\/td>\n<\/tr>\n<tr>\n<td>Compatible Integration<\/td>\n<td>ONVIF (Profile S, Profile T) , SDK<\/td>\n<\/tr>\n<tr>\n<td>User\/Host<\/td>\n<td>Up to 32 users. 3 user levels: administrator, common user and operator<\/td>\n<\/tr>\n<tr>\n<td>Security<\/td>\n<td>Strong Password, Basic and Digest Authentication for RTSP, Digest Authentication for HTTP, WSSE and Digest Authentication for ONVIF, Log Encrypted Export<\/td>\n<\/tr>\n<tr>\n<td>Client<\/td>\n<td>APP, Uniarch client<\/td>\n<\/tr>\n<tr>\n<td>Web Browser<\/td>\n<td>Plug\u2011in free live view: Chrome 57+, Firefox 58+, Edge 16+<\/td>\n<\/tr>\n<tr>\n<td colspan=\"2\">Interface<\/td>\n<\/tr>\n<tr>\n<td>Audio I\/O<\/td>\n<td>N\/A<\/td>\n<\/tr>\n<tr>\n<td>Alarm I\/O<\/td>\n<td>N\/A<\/td>\n<\/tr>\n<tr>\n<td>Built\u2011in Mic<\/td>\n<td>Support<\/td>\n<\/tr>\n<tr>\n<td>Built\u2011in Speaker<\/td>\n<td>N\/A<\/td>\n<\/tr>\n<tr>\n<td>WIFI<\/td>\n<td>N\/A<\/td>\n<\/tr>\n<tr>\n<td>Network<\/td>\n<td>1 \u00d7 RJ45 10 M\/100 M Base\u2011TX Ethernet<\/td>\n<\/tr>\n<tr>\n<td>Video Output<\/td>\n<td>N\/A<\/td>\n<\/tr>\n<tr>\n<td colspan=\"2\">Certification<\/td>\n<\/tr>\n<tr>\n<td rowspan=\"2\">EMC<\/td>\n<td>CE\u2011EMC (EN 55032, EN 61000\u20113\u20113, EN IEC 61000\u20113\u20112, EN 55035)<\/td>\n<\/tr>\n<tr>\n<td>FCC (FCC 47 CFR part15 B)<\/td>\n<\/tr>\n<tr>\n<td>Safety<\/td>\n<td>CE LVD (EN 62368\u20111)<\/td>\n<\/tr>\n<tr>\n<td>Environment<\/td>\n<td>CE\u2011RoHS (2011\/65\/EU;(EU)2015\/863); WEEE (2012\/19\/EU);<\/td>\n<\/tr>\n<tr>\n<td>Protection<\/td>\n<td>IP67 (IEC 60529)<\/td>\n<\/tr>\n<tr>\n<td colspan=\"2\">General<\/td>\n<\/tr>\n<tr>\n<td>Power<\/td>\n<td>PoE (IEEE 802.3af)<\/td>\n<\/tr>\n<tr>\n<td>Power Interface<\/td>\n<td>N\/A<\/td>\n<\/tr>\n<tr>\n<td>Dimensions<\/td>\n<td>\u00d8118 mm \u00d7 100 mm (\u00d84.6&#8243; \u00d7 3.9&#8243;) (\u00d8 \u00d7 H)<\/td>\n<\/tr>\n<tr>\n<td>Weight<\/td>\n<td>0.23 kg (0.50 lb.)<\/td>\n<\/tr>\n<tr>\n<td>Material<\/td>\n<td>Graphene + Plastic<\/td>\n<\/tr>\n<tr>\n<td>Working Environment<\/td>\n<td>\u201130 \u2103 to 60 \u2103 (\u201122 \u2109 to 140 \u2109), Humidity: \u2264 95% RH (non\u2011condensing)<\/td>\n<\/tr>\n<tr>\n<td>Storage Environment<\/td>\n<td>\u201130 \u2103 to 60 \u2103 (\u201122 \u2109 to 140 \u2109), Humidity: \u2264 95% RH (non\u2011condensing)<\/td>\n<\/tr>\n<tr>\n<td>Surge Protection<\/td>\n<td>4 KV<\/td>\n<\/tr>\n<tr>\n<td>Reset Button<\/td>\n<td>N\/A<\/td>\n<\/tr>\n<tr>\n<td>Web Client Language<\/td>\n<td>4 Languages: English, Russian, Spanish, Vietnamese<\/td>\n<\/tr>\n<\/tbody>\n<\/table>","protected":false},"excerpt":{"rendered":"<h5>Model:<\/h5>\n<h5>IPC-B134-AF40-DL-ECO<\/h5>\n<h5>Brand: Uniarch<\/h5>\n<h5>SKU: 001262<\/h5>\n<h5>\u2022\u00a0High quality image with 4 MP, 1\/3.0&#8243; CMOS sensor<\/h5>\n<h6>\u2022\u00a04 MP (2560 \u00d7 1440)@25\/20 fps; 3 MP (2304 \u00d7 1296)@25\/30 fps; 1080P (1920 \u00d7 1080)@25\/30 fps<\/h6>\n<h6>\u2022\u00a0Supports accurate human body detection 2.0<\/h6>\n<h6>\u2022\u00a0Smart dual\u2011light ensures high quality image<\/h6>\n<h6>\u2022\u00a0Ultra 265, H.265, H.264<\/h6>\n<h6>\u2022\u00a02D\/3D DNR (digital noise reduction)<\/h6>\n<h6>\u2022\u00a0ROI (region of interest) ensures image quality in areas of interest with low bandwidth<\/h6>\n<h6>\u2022\u00a03\u2011axis<\/h6>\n<h6>\u2022\u00a0Built\u2011in mic<\/h6>\n<h6>\u2022\u00a0Wide temperature range: \u201130 \u2103 to 60 \u2103 (\u201122 \u2109 to 140 \u2109)<\/h6>\n<h6>\u2022\u00a0PoE (IEEE 802.3af)<\/h6>\n<h6>\u2022\u00a0IP67<\/h6>","protected":false},"featured_media":3236,"comment_status":"open","ping_status":"closed","template":"","meta":[],"product_brand":[330],"product_cat":[327,362,326],"product_tag":[],"class_list":{"0":"post-3232","1":"product","2":"type-product","3":"status-publish","4":"has-post-thumbnail","6":"product_brand-uniarch","7":"product_cat-ip-","8":"product_cat-4--ip-","9":"product_cat-326","11":"first","12":"instock","13":"shipping-taxable","14":"purchasable","15":"product-type-simple"},"_links":{"self":[{"href":"https:\/\/itsfero.ge\/en\/wp-json\/wp\/v2\/product\/3232","targetHints":{"allow":["GET"]}}],"collection":[{"href":"https:\/\/itsfero.ge\/en\/wp-json\/wp\/v2\/product"}],"about":[{"href":"https:\/\/itsfero.ge\/en\/wp-json\/wp\/v2\/types\/product"}],"replies":[{"embeddable":true,"href":"https:\/\/itsfero.ge\/en\/wp-json\/wp\/v2\/comments?post=3232"}],"version-history":[{"count":5,"href":"https:\/\/itsfero.ge\/en\/wp-json\/wp\/v2\/product\/3232\/revisions"}],"predecessor-version":[{"id":3621,"href":"https:\/\/itsfero.ge\/en\/wp-json\/wp\/v2\/product\/3232\/revisions\/3621"}],"wp:featuredmedia":[{"embeddable":true,"href":"https:\/\/itsfero.ge\/en\/wp-json\/wp\/v2\/media\/3236"}],"wp:attachment":[{"href":"https:\/\/itsfero.ge\/en\/wp-json\/wp\/v2\/media?parent=3232"}],"wp:term":[{"taxonomy":"product_brand","embeddable":true,"href":"https:\/\/itsfero.ge\/en\/wp-json\/wp\/v2\/product_brand?post=3232"},{"taxonomy":"product_cat","embeddable":true,"href":"https:\/\/itsfero.ge\/en\/wp-json\/wp\/v2\/product_cat?post=3232"},{"taxonomy":"product_tag","embeddable":true,"href":"https:\/\/itsfero.ge\/en\/wp-json\/wp\/v2\/product_tag?post=3232"}],"curies":[{"name":"wp","href":"https:\/\/api.w.org\/{rel}","templated":true}]}}