{"id":2751,"date":"2025-12-17T18:18:15","date_gmt":"2025-12-17T18:18:15","guid":{"rendered":"https:\/\/itsfero.ge\/?post_type=product&#038;p=2751"},"modified":"2025-12-23T13:34:15","modified_gmt":"2025-12-23T13:34:15","slug":"viewsonic-va2215-h-full-hd-1080p-22-inch-led","status":"publish","type":"product","link":"https:\/\/itsfero.ge\/en\/product\/viewsonic-va2215-h-full-hd-1080p-22-inch-led\/","title":{"rendered":"Dell  Monitor 21.5&#8243; VA LED 60 Hz VGA, HDMI, DisplayPort Black"},"content":{"rendered":"<ul>\n<li>Brand:\u00a0<strong>Dell\u00a0<\/strong><\/li>\n<li>Model:\u00a0<strong>E2222HS\u00a0<\/strong><\/li>\n<li>Diagonal: 21.5 &#8220;<\/li>\n<li>Panel type: VA<\/li>\n<li>Resolution: 1920 \u00d7 1080 px<\/li>\n<li>Aspect ratio: 16: 9<\/li>\n<li>Refresh rate: 60 Hz<\/li>\n<li>Minimum response time: 5 ms<\/li>\n<li>Contrast\u00a0\u00a0 \u00a03,000: 1<\/li>\n<li>Dynamic contrast\u00a0\u00a0 \u00a0The manufacturer does not state<\/li>\n<li>Jas\u00a0\u00a0 \u00a0250 cd \/ m2<\/li>\n<li>Supported colors\u00a0\u00a0 \u00a016.7 million<\/li>\n<li>Average consumption\u00a0\u00a0 \u00a012 W<\/li>\n<li>Maximum consumption: The manufacturer does not state<\/li>\n<li>Input lag: The manufacturer does not state<\/li>\n<li>Viewing angles: Horizontal \/ vertical: 178 \u00b0 \/ 178 \u00b0<\/li>\n<li>Speakers: 2 \u00d7 1 W<\/li>\n<li>Height adjustable: Range 100 mm<\/li>\n<li>Pivot: No.<\/li>\n<li>VESA compatible: 100 \u00d7 100 mm<\/li>\n<li>G-Sync: No.<\/li>\n<li>G-Sync compatible: No.<\/li>\n<li>FreeSync: No.<\/li>\n<li>HDR: No.<\/li>\n<li>Blue Light Reduction: Yes<\/li>\n<li>Flicker reduction: Yes<\/li>\n<li>MHL: No.<\/li>\n<li>Picture in Picture (PiP \/ PbP): No.<\/li>\n<li>VGA: Yes (1 \u00d7)<\/li>\n<li>DVI-D: No.<\/li>\n<li>HDMI: Yes (1 \u00d7)<\/li>\n<li>DisplayPort: Yes, version 1.2 (1 \u00d7)<\/li>\n<li>mini DisplayPort: No.<\/li>\n<li>USB hub: No.<\/li>\n<li>USB-C: No.<\/li>\n<li>USB-C docking: No.<\/li>\n<li>Audio output: No.<\/li>\n<li>Audio input: No.<\/li>\n<li>Dimensions with base\u00a0\u00a0 \u00a050.43 \u00d7 35.42 \u00d7 18.73 cm (W \u00d7 H \u00d7 D)<\/li>\n<li>Weight\u00a0\u00a0 \u00a03.9 kg<\/li>\n<\/ul>","protected":false},"excerpt":{"rendered":"<ul class=\"bls__product-meta pl-0 list-none capitalize\">\n<li><span class=\"bls__product-meta-label\">\u10db\u10ec\u10d0\u10e0\u10db\u10dd\u10d4\u10d1\u10d4\u10da\u10d8:<\/span>\u00a0<span class=\"bls__product-meta-value primary-color prod__sku bls__product-sku-value\"><a class=\"primary-color font-bold\" title=\"Dell\" href=\"https:\/\/allmarket.ge\/ka\/brands\/395-dell\">Dell<\/a><\/span><\/li>\n<li><span class=\"bls__product-meta-label\">\u10d2\u10d0\u10e0\u10d0\u10dc\u10e2\u10d8\u10d0:<\/span>\u00a0<span class=\"bls__product-meta-value primary-color prod__sku bls__product-sku-value font-bold\">36 \u10d7\u10d5\u10d4<\/span><\/li>\n<\/ul>\n<div class=\"bls__single-shortdes mb-20\">Dell 22 Monitor E2222HS\/ 54.61cm(21.5&#8243;)VA LED (1920&#215;1080)\/250 cd\/m\u00b2\/(16:9)\/178\u00b0 \/178\u00b0 \/5 ms \/VGA, HDMI, DP\/ 2 x Speakers\/ VESA \/Black \/War3Yr<\/div>","protected":false},"featured_media":2752,"comment_status":"open","ping_status":"closed","template":"","meta":[],"product_brand":[],"product_cat":[344,342,15],"product_tag":[],"class_list":{"0":"post-2751","1":"product","2":"type-product","3":"status-publish","4":"has-post-thumbnail","6":"product_cat-led-","7":"product_cat-342","8":"product_cat-15","10":"first","11":"onbackorder","12":"sale","13":"shipping-taxable","14":"purchasable","15":"product-type-simple"},"_links":{"self":[{"href":"https:\/\/itsfero.ge\/en\/wp-json\/wp\/v2\/product\/2751","targetHints":{"allow":["GET"]}}],"collection":[{"href":"https:\/\/itsfero.ge\/en\/wp-json\/wp\/v2\/product"}],"about":[{"href":"https:\/\/itsfero.ge\/en\/wp-json\/wp\/v2\/types\/product"}],"replies":[{"embeddable":true,"href":"https:\/\/itsfero.ge\/en\/wp-json\/wp\/v2\/comments?post=2751"}],"version-history":[{"count":5,"href":"https:\/\/itsfero.ge\/en\/wp-json\/wp\/v2\/product\/2751\/revisions"}],"predecessor-version":[{"id":2765,"href":"https:\/\/itsfero.ge\/en\/wp-json\/wp\/v2\/product\/2751\/revisions\/2765"}],"wp:featuredmedia":[{"embeddable":true,"href":"https:\/\/itsfero.ge\/en\/wp-json\/wp\/v2\/media\/2752"}],"wp:attachment":[{"href":"https:\/\/itsfero.ge\/en\/wp-json\/wp\/v2\/media?parent=2751"}],"wp:term":[{"taxonomy":"product_brand","embeddable":true,"href":"https:\/\/itsfero.ge\/en\/wp-json\/wp\/v2\/product_brand?post=2751"},{"taxonomy":"product_cat","embeddable":true,"href":"https:\/\/itsfero.ge\/en\/wp-json\/wp\/v2\/product_cat?post=2751"},{"taxonomy":"product_tag","embeddable":true,"href":"https:\/\/itsfero.ge\/en\/wp-json\/wp\/v2\/product_tag?post=2751"}],"curies":[{"name":"wp","href":"https:\/\/api.w.org\/{rel}","templated":true}]}}