{"id":2437,"date":"2025-10-25T22:02:21","date_gmt":"2025-10-25T22:02:21","guid":{"rendered":"https:\/\/itsfero.ge\/?post_type=product&#038;p=2437"},"modified":"2025-10-25T22:05:57","modified_gmt":"2025-10-25T22:05:57","slug":"%e1%83%a9%e1%83%90%e1%83%9b%e1%83%ac%e1%83%94%e1%83%a0%e1%83%98nvr-hikvision-ds-7604ni-q1-4pd-1sata4chpoe","status":"publish","type":"product","link":"https:\/\/itsfero.ge\/en\/product\/%e1%83%a9%e1%83%90%e1%83%9b%e1%83%ac%e1%83%94%e1%83%a0%e1%83%98nvr-hikvision-ds-7604ni-q1-4pd-1sata4chpoe\/","title":{"rendered":"\u10e9\u10d0\u10db\u10ec\u10d4\u10e0\u10d8,NVR Hikvision, DS-7604NI-Q1\/4P(D), 1sata,4ch,Poe"},"content":{"rendered":"<p>\u10db\u10dd\u10eb\u10e0\u10d0\u10dd\u10d1\u10d8\u10e1 \u10d2\u10d0\u10db\u10dd\u10d5\u10da\u10d4\u10dc\u10d0 2.0<br \/>\n\u10d0\u10d3\u10d0\u10db\u10d8\u10d0\u10dc\u10d8\u10e1\/\u10e1\u10d0\u10e2\u10e0\u10d0\u10dc\u10e1\u10de\u10dd\u10e0\u10e2\u10dd \u10e1\u10d0\u10e8\u10e3\u10d0\u10da\u10d4\u10d1\u10d8\u10e1 \u10d0\u10dc\u10d0\u10da\u10d8\u10d6\u10d8 1-\u10e9;4-\u10e9<br \/>\n\u10d5\u10d8\u10d3\u10d4\u10dd \u10d3\u10d0 \u10d0\u10e3\u10d3\u10d8\u10dd<br \/>\nIP \u10d5\u10d8\u10d3\u10d4\u10dd \u10e8\u10d4\u10e7\u10d5\u10d0\u10dc\u10d0 4-ch<br \/>\n\u10e8\u10d4\u10db\u10dd\u10db\u10d0\u10d5\u10d0\u10da\u10d8 \u10d2\u10d0\u10db\u10e2\u10d0\u10e0\u10dd\u10d1\u10d0 40 Mbps<br \/>\n\u10d2\u10d0\u10db\u10d0\u10d5\u10d0\u10da\u10d8 \u10d2\u10d0\u10db\u10e2\u10d0\u10e0\u10dd\u10d1\u10d0 80 Mbps<br \/>\nHDMI \u10d2\u10d0\u10db\u10dd\u10db\u10d0\u10d5\u10d0\u10da\u10d8 1-ch, 4K (4096 x 2160)\/30 Hz, 4K (3840 x 2160)\/30 Hz, 2K (2560 x 1440)\/60 Hz, 1920 x 1080\/60 Hz, 1600\/28 Hz, 1600\/202 x 1024\/60 Hz, 1280 x 720\/60 Hz; 1-ch, 4K (4096&#215;2160)\/30Hz,4K (3840\u00d72160) \/30Hz 2K\uff082560\u00d71440\uff0c140\uff0c140\uff0c1Hz0 0\u00d7 1200\/60Hz,1280\u00d71024\/60Hz,1280\u00d7720\/60Hz; ,HDMI\/VGA \u10d4\u10e0\u10d7\u10d3\u10e0\u10dd\u10e3\u10da\u10d8 \u10d2\u10d0\u10db\u10dd\u10db\u10d0\u10d5\u10d0\u10da\u10d8,;1-ch, 4K (3840 \u00d7 2160)\/30Hz, 1920 \u00d7 1080p\/60Hz, 1600 \u00d7 1200\/60Hz, 1280 \u00d7 1024 \u00d7 12,60Hz, 68\/60 \u10f0\u10ea ; ,HDMI\/VGA \u10d4\u10e0\u10d7\u10d3\u10e0\u10dd\u10e3\u10da\u10d8 \u10d2\u10d0\u10db\u10dd\u10db\u10d0\u10d5\u10d0\u10da\u10d8, 1-ch, 4K (4096&#215;2160)\/30Hz,4K (3840\u00d72160) \/30Hz, 2K (2560\u00d71440\uff09\/60Hz\uff0c0z10Hz\/60Hz1920\u00d71 (1280 \u10ec \u00d71024\/60Hz,1280\u00d7720\/60Hz,HDMI\/VGA \u10d4\u10e0\u10d7\u10d3\u10e0\u10dd\u10e3\u10da\u10d8 \u10d2\u10d0\u10db\u10dd\u10db\u10d0\u10d5\u10d0\u10da\u10d8,<br \/>\nVGA \u10d2\u10d0\u10db\u10dd\u10db\u10d0\u10d5\u10d0\u10da\u10d8 1-ch, 1920 \u00d7 1080p\/60Hz, 1600 \u00d7 1200\/60Hz, 1280 \u00d7 1024\/60Hz, 1280 \u00d7 720\/60Hz, 1024 \u00d7 768\/60Hz; 1080\/ 60 Hz, 1280 \u00d7 1024\/60 Hz, 1280 \u00d7 720\/60 Hz; 1-ch, 1920 \u00d7 1080 p\/60 Hz, 1600 \u00d7 1200\/60 Hz, 1280 \u00d7 1024 \u00d7 1, 20 Hz \u00d7 768\/60 \u10f0\u10ea ;,HDMI\/VGA \u10d4\u10e0\u10d7\u10d3\u10e0\u10dd\u10e3\u10da\u10d8 \u10d2\u10d0\u10db\u10dd\u10db\u10d0\u10d5\u10d0\u10da\u10d8,<br \/>\n\u10d5\u10d8\u10d3\u10d4\u10dd \u10d2\u10d0\u10db\u10dd\u10db\u10d0\u10d5\u10d0\u10da\u10d8 \u10e0\u10d4\u10df\u10d8\u10db\u10d8 HDMI\/VGA \u10d4\u10e0\u10d7\u10d3\u10e0\u10dd\u10e3\u10da\u10d8 \u10d2\u10d0\u10db\u10dd\u10db\u10d0\u10d5\u10d0\u10da\u10d8<br \/>\n\u10d0\u10e3\u10d3\u10d8\u10dd \u10d2\u10d0\u10db\u10dd\u10db\u10d0\u10d5\u10d0\u10da\u10d8 1-ch, RCA (\u10ee\u10d0\u10d6\u10dd\u10d5\u10d0\u10dc\u10d8, 1 K\u03a9)<br \/>\n\u10dd\u10e0\u10db\u10ee\u10e0\u10d8\u10d5\u10d8 \u10d0\u10e3\u10d3\u10d8\u10dd1-ch, RCA (2.0 Vp-p, 1 k\u03a9)<br \/>\n\u10e9\u10d0\u10ec\u10d4\u10e0\u10d0<br \/>\n\u10dc\u10d0\u10d9\u10d0\u10d3\u10d8\u10e1 \u10e2\u10d8\u10de\u10d8 \u10d5\u10d8\u10d3\u10d4\u10dd, \u10d5\u10d8\u10d3\u10d4\u10dd \u10d3\u10d0 \u10d0\u10e3\u10d3\u10d8\u10dd<br \/>\n\u10d0\u10e3\u10d3\u10d8\u10dd \u10e8\u10d4\u10d9\u10e3\u10db\u10e8\u10d5\u10d0G.711ulaw\/G.711alaw\/G.722\/G.726<br \/>\n\u10d3\u10d4\u10d9\u10dd\u10d3\u10d8\u10e0\u10d4\u10d1\u10d0<br \/>\n\u10d3\u10d4\u10d9\u10dd\u10d3\u10d8\u10e0\u10d4\u10d1\u10d8\u10e1 \u10e4\u10dd\u10e0\u10db\u10d0\u10e2\u10d8H.265+,H.265,H.264+,H.264<br \/>\n\u10e9\u10d0\u10ec\u10d4\u10e0\u10d8\u10e1 \u10d2\u10d0\u10e0\u10e9\u10d4\u10d5\u10d0\u10d3\u10dd\u10d1\u10d08 MP\/6 MP\/5 MP\/4 MP\/3 MP\/1080p\/UXGA \/720p\/VGA\/4CIF\/DCIF\/ 2CIF\/CIF\/QCIF<br \/>\n\u10d3\u10d4\u10d9\u10dd\u10d3\u10d8\u10e0\u10d4\u10d1\u10d8\u10e1 \u10e8\u10d4\u10e1\u10d0\u10eb\u10da\u10d4\u10d1\u10da\u10dd\u10d1\u10d0 1-ch@8 MP (30 fps)\/5-ch@1080p (30 fps)<br \/>\n\u10e1\u10d8\u10dc\u10e5\u10e0\u10dd\u10dc\u10e3\u10da\u10d8 \u10d3\u10d0\u10d9\u10d5\u10e0\u10d0 4-\u10e9<br \/>\n\u10e5\u10e1\u10d4\u10da\u10d8<br \/>\n\u10d3\u10d8\u10e1\u10e2\u10d0\u10dc\u10ea\u10d8\u10e3\u10e0\u10d8 \u10d9\u10d0\u10d5\u10e8\u10d8\u10e0\u10d832<br \/>\n\u10e5\u10e1\u10d4\u10da\u10d8\u10e1 \u10de\u10e0\u10dd\u10e2\u10dd\u10d9\u10dd\u10da\u10d8TCP\/IP, DHCP, IPv4, IPv6, DNS, DDNS, NTP, RTSP, SADP, SMTP, SNMP, NFS, iSCSI, ISUP, UPnP\u2122, HTTP, HTTPS<br \/>\n\u10e5\u10e1\u10d4\u10da\u10d8\u10e1 \u10d8\u10dc\u10e2\u10d4\u10e0\u10e4\u10d4\u10d8\u10e1\u10d81, RJ-45 10\/100 Mbps \u10d7\u10d5\u10d8\u10d7\u10d0\u10d3\u10d0\u10de\u10e2\u10d8\u10e0\u10d4\u10d1\u10d0\u10d3\u10d8 Ethernet \u10d8\u10dc\u10e2\u10d4\u10e0\u10e4\u10d4\u10d8\u10e1\u10d8<br \/>\nPoE<br \/>\n\u10d8\u10dc\u10e2\u10d4\u10e0\u10e4\u10d4\u10d8\u10e1\u10d84, RJ-45 10\/100 Mbps \u10d7\u10d5\u10d8\u10d7\u10d0\u10d3\u10d0\u10de\u10e2\u10d8\u10e0\u10d4\u10d1\u10d0\u10d3\u10d8 Ethernet \u10d8\u10dc\u10e2\u10d4\u10e0\u10e4\u10d4\u10d8\u10e1\u10d8<br \/>\n\u10e1\u10d8\u10db\u10eb\u10da\u10d0\u10d5\u10e0\u10d4\u2264 50 W<br \/>\nStandardIEEE 802.3 af\/at<br \/>\n\u10d3\u10d0\u10db\u10ee\u10db\u10d0\u10e0\u10d4 \u10d8\u10dc\u10e2\u10d4\u10e0\u10e4\u10d4\u10d8\u10e1\u10d8<br \/>\nSATA1 SATA \u10d8\u10dc\u10e2\u10d4\u10e0\u10e4\u10d4\u10d8\u10e1\u10d8<br \/>\n\u10e2\u10d4\u10d5\u10d0\u10d3\u10dd\u10d1\u10d0 8 \u10e2\u10d1-\u10db\u10d3\u10d4 \u10e2\u10d4\u10d5\u10d0\u10d3\u10dd\u10d1\u10d0 \u10d7\u10d8\u10d7\u10dd\u10d4\u10e3\u10da\u10d8 \u10d3\u10d8\u10e1\u10d9\u10d8\u10e1\u10d7\u10d5\u10d8\u10e1<br \/>\nUSB \u10d8\u10dc\u10e2\u10d4\u10e0\u10e4\u10d4\u10d8\u10e1\u10d8 2 \u00d7 USB 2.0<br \/>\n\u10e1\u10d8\u10d2\u10dc\u10d0\u10da\u10d8\u10d6\u10d0\u10ea\u10d8\u10d0 In\/OutN\/A (4\/1 \u10d0\u10e0\u10e9\u10d4\u10d5\u10d8\u10d7\u10d8\u10d0)<br \/>\n\u10d2\u10d4\u10dc\u10d4\u10e0\u10d0\u10da\u10d8<br \/>\n\u10d9\u10d5\u10d4\u10d1\u10d8\u10e1 \u10ec\u10e7\u10d0\u10e0\u10dd 48 VDC, 1.35 \u10d0<br \/>\n\u10db\u10dd\u10ee\u10db\u10d0\u10e0\u10d4\u10d1\u10d0\u2264 10 W (HDD-\u10d8\u10e1 \u10d3\u10d0 PoE \u10d2\u10d0\u10db\u10dd\u10e0\u10d7\u10e3\u10da\u10d8\u10e1 \u10d2\u10d0\u10e0\u10d4\u10e8\u10d4)<br \/>\n\u10e1\u10d0\u10db\u10e3\u10e8\u10d0\u10dd \u10e2\u10d4\u10db\u10de\u10d4\u10e0\u10d0\u10e2\u10e3\u10e0\u10d0 -10-\u10d3\u10d0\u10dc +55\u00baC-\u10db\u10d3\u10d4 (+14-\u10d3\u10d0\u10dc +131\u00baF-\u10db\u10d3\u10d4)<br \/>\n\u10e1\u10d0\u10db\u10e3\u10e8\u10d0\u10dd \u10e2\u10d4\u10dc\u10d8\u10d0\u10dc\u10dd\u10d1\u10d0 10% \u10d3\u10d0\u10dc 90&gt;#\/span###<br \/>\n\u10d6\u10dd\u10db\u10d0 (W \u00d7 D \u00d7 H) 320 \u00d7 240 \u00d7 48 \u10db\u10db (12.4&#8243; \u00d7 9.4&#8243; \u00d7 1.9&#8243;)<br \/>\n\u10ec\u10dd\u10dc\u10d0\u2264 1 \u10d9\u10d2 (HDD-\u10d8\u10e1 \u10d2\u10d0\u10e0\u10d4\u10e8\u10d4, 2.2 lb.)<br \/>\n\u10e1\u10d4\u10e0\u10e2\u10d8\u10e4\u10d8\u10ea\u10d8\u10e0\u10d4\u10d1\u10d0<br \/>\nFCCP\u10dc\u10d0\u10ec\u10d8\u10da\u10d8 15 \u10e5\u10d5\u10d4\u10dc\u10d0\u10ec\u10d8\u10da\u10d8 B, ANSI C63.4-2014<br \/>\nCEEN 55032: 2015, EN 61000-3-2, EN 61000-3-3, EN 50130-4, EN 55035: 2017 \u10ec.<\/p>","protected":false},"excerpt":{"rendered":"<h6>4-ch 1U 4 PoE 4K NVR<br \/>\n4-ch-\u10db\u10d3\u10d4 IP \u10d9\u10d0\u10db\u10d4\u10e0\u10d8\u10e1 \u10e8\u10d4\u10e7\u10d5\u10d0\u10dc\u10d0<br \/>\nH.265+\/H.265\/H.264+\/H.264 \u10d5\u10d8\u10d3\u10d4\u10dd \u10e4\u10dd\u10e0\u10db\u10d0\u10e2\u10d4\u10d1\u10d8<br \/>\n1-ch@8 MP\/3-ch@4 MP\/6-ch@1080p \u10d3\u10d4\u10d9\u10dd\u10d3\u10d8\u10e0\u10d4\u10d1\u10d8\u10e1 \u10db\u10dd\u10ea\u10e3\u10da\u10dd\u10d1\u10d0<br \/>\n40 Mbps-\u10db\u10d3\u10d4 \u10e8\u10d4\u10db\u10dd\u10db\u10d0\u10d5\u10d0\u10da\u10d8 \u10d2\u10d0\u10db\u10e2\u10d0\u10e0\u10dd\u10d1\u10d0<\/h6>","protected":false},"featured_media":2435,"comment_status":"open","ping_status":"closed","template":"","meta":[],"product_brand":[65],"product_cat":[15,328],"product_tag":[],"class_list":{"0":"post-2437","1":"product","2":"type-product","3":"status-publish","4":"has-post-thumbnail","6":"product_brand-hikvision","7":"product_cat-15","8":"product_cat-328","10":"first","11":"instock","12":"shipping-taxable","13":"purchasable","14":"product-type-simple"},"_links":{"self":[{"href":"https:\/\/itsfero.ge\/en\/wp-json\/wp\/v2\/product\/2437","targetHints":{"allow":["GET"]}}],"collection":[{"href":"https:\/\/itsfero.ge\/en\/wp-json\/wp\/v2\/product"}],"about":[{"href":"https:\/\/itsfero.ge\/en\/wp-json\/wp\/v2\/types\/product"}],"replies":[{"embeddable":true,"href":"https:\/\/itsfero.ge\/en\/wp-json\/wp\/v2\/comments?post=2437"}],"version-history":[{"count":1,"href":"https:\/\/itsfero.ge\/en\/wp-json\/wp\/v2\/product\/2437\/revisions"}],"predecessor-version":[{"id":2438,"href":"https:\/\/itsfero.ge\/en\/wp-json\/wp\/v2\/product\/2437\/revisions\/2438"}],"wp:featuredmedia":[{"embeddable":true,"href":"https:\/\/itsfero.ge\/en\/wp-json\/wp\/v2\/media\/2435"}],"wp:attachment":[{"href":"https:\/\/itsfero.ge\/en\/wp-json\/wp\/v2\/media?parent=2437"}],"wp:term":[{"taxonomy":"product_brand","embeddable":true,"href":"https:\/\/itsfero.ge\/en\/wp-json\/wp\/v2\/product_brand?post=2437"},{"taxonomy":"product_cat","embeddable":true,"href":"https:\/\/itsfero.ge\/en\/wp-json\/wp\/v2\/product_cat?post=2437"},{"taxonomy":"product_tag","embeddable":true,"href":"https:\/\/itsfero.ge\/en\/wp-json\/wp\/v2\/product_tag?post=2437"}],"curies":[{"name":"wp","href":"https:\/\/api.w.org\/{rel}","templated":true}]}}