{"id":2426,"date":"2025-10-25T21:45:43","date_gmt":"2025-10-25T21:45:43","guid":{"rendered":"https:\/\/itsfero.ge\/?post_type=product&#038;p=2426"},"modified":"2026-04-10T21:05:26","modified_gmt":"2026-04-10T21:05:26","slug":"%e1%83%99%e1%83%90%e1%83%9b%e1%83%94%e1%83%a0%e1%83%90iphikvisionds-2cd1023g0-iufc4mm2mpbulletir30mmicsdcard","status":"publish","type":"product","link":"https:\/\/itsfero.ge\/en\/product\/%e1%83%99%e1%83%90%e1%83%9b%e1%83%94%e1%83%a0%e1%83%90iphikvisionds-2cd1023g0-iufc4mm2mpbulletir30mmicsdcard\/","title":{"rendered":"\u10d9\u10d0\u10db\u10d4\u10e0\u10d0,IP,Hikvision,DS-2CD1023G0-IUF(C),4mm,2mp,Bullet,IR30m,,Mic,SDcard,"},"content":{"rendered":"<ul>\n<li><b>Camera<\/b><\/li>\n<li><span class=\"tech-specs-items-description__title\">Image Sensor<\/span><span class=\"tech-specs-items-description__title-details\">1\/2.7&#8243; Progressive Scan CMOS<\/span><\/li>\n<li><span class=\"tech-specs-items-description__title\">Max. Resolution<\/span><span class=\"tech-specs-items-description__title-details\">1920 \u00d7 1080<\/span><\/li>\n<li><span class=\"tech-specs-items-description__title\">Min. Illumination<\/span><span class=\"tech-specs-items-description__title-details\">Color: 0.01 Lux @(F2.0, AGC ON), B\/W: 0 Lux with IR<\/span><\/li>\n<li><span class=\"tech-specs-items-description__title\">Shutter Time<\/span><span class=\"tech-specs-items-description__title-details\">1\/3 s to 1\/100, 000 s<\/span><\/li>\n<li><span class=\"tech-specs-items-description__title\">Day &amp; Night<\/span><span class=\"tech-specs-items-description__title-details\">IR cut filter<\/span><\/li>\n<li><span class=\"tech-specs-items-description__title\">Angle Adjustment<\/span><span class=\"tech-specs-items-description__title-details\">Pan: 0\u00b0 to 360\u00b0, tilt: 0\u00b0 to 180\u00b0, rotate: 0\u00b0 to 360\u00b0<\/span><\/li>\n<\/ul>\n<ul>\n<li><span class=\"tech-specs-items-description__title--heading\"><b>Lens<\/b><\/span><\/li>\n<li><span class=\"tech-specs-items-description__title\">Focal Length &amp; FOV<\/span>2.8 mm, horizontal FOV 112.1\u00b0, vertical FOV 60.0\u00b0, diagonal FOV 132.2\u00b04 mm, horizontal FOV 90.2\u00b0, vertical FOV 48.6\u00b0, diagonal FOV 107.6\u00b0<\/li>\n<li><span class=\"tech-specs-items-description__title\">Lens Mount<\/span><span class=\"tech-specs-items-description__title-details\">M12<\/span><\/li>\n<li><span class=\"tech-specs-items-description__title\">Iris Type<\/span><span class=\"tech-specs-items-description__title-details\">Fixed<\/span><\/li>\n<li><span class=\"tech-specs-items-description__title\">Aperture<\/span><span class=\"tech-specs-items-description__title-details\">F2.0<\/span><\/li>\n<\/ul>\n<ul>\n<li><span class=\"tech-specs-items-description__title--heading\"><b>Illuminator<\/b><\/span><\/li>\n<li><span class=\"tech-specs-items-description__title\">Supplement Light Type<\/span><span class=\"tech-specs-items-description__title-details\">IR<\/span><\/li>\n<li><span class=\"tech-specs-items-description__title\">Supplement Light Range<\/span><span class=\"tech-specs-items-description__title-details\">Up to 30 m<\/span><\/li>\n<li><span class=\"tech-specs-items-description__title\">Smart Supplement Light<\/span><span class=\"tech-specs-items-description__title-details\">Yes<\/span><\/li>\n<li><span class=\"tech-specs-items-description__title\">IR Wavelength<\/span><span class=\"tech-specs-items-description__title-details\">850 nm<\/span><\/li>\n<\/ul>\n<ul>\n<li><span class=\"tech-specs-items-description__title--heading\"><b>Video<\/b><\/span><\/li>\n<li><span class=\"tech-specs-items-description__title\">Main Stream<\/span>50 Hz: 25 fps (1920 \u00d7 1080, 1280 \u00d7 720)60 Hz: 30 fps (1920 \u00d7 1080, 1280 \u00d7 720)<\/li>\n<li><span class=\"tech-specs-items-description__title\">Sub-Stream<\/span>50 Hz: 25 fps (640 \u00d7 480, 640 \u00d7 360)60 Hz: 30 fps (640 \u00d7 480, 640 \u00d7 360)<\/li>\n<li><span class=\"tech-specs-items-description__title\">Video Compression<\/span>Main Stream: H.265\/H.264\/H.264+\/H.265+Sub-Stream: H.265\/H.264\/MJPEG<\/li>\n<li><span class=\"tech-specs-items-description__title\">Video Bit Rate<\/span><span class=\"tech-specs-items-description__title-details\">32 Kbps to 8 Mbps<\/span><\/li>\n<li><span class=\"tech-specs-items-description__title\">H.264 Type<\/span><span class=\"tech-specs-items-description__title-details\">Baseline Profile\/Main Profile\/High Profile<\/span><\/li>\n<li><span class=\"tech-specs-items-description__title\">H.265 Type<\/span><span class=\"tech-specs-items-description__title-details\">Main Profile<\/span><\/li>\n<li><span class=\"tech-specs-items-description__title\">Region Of Interest (ROI)<\/span><span class=\"tech-specs-items-description__title-details\">1 fixed region for main stream<\/span><\/li>\n<\/ul>\n<ul>\n<li><span class=\"tech-specs-items-description__title--heading\"><b>Audio<\/b><\/span><\/li>\n<li><span class=\"tech-specs-items-description__title\">Audio Compression<\/span><span class=\"tech-specs-items-description__title-details\">G.711ulaw\/G.711alaw\/G.722.1\/G.726\/MP2L2\/PCM\/AAC<\/span><\/li>\n<li><span class=\"tech-specs-items-description__title\">Audio Bit Rate<\/span><span class=\"tech-specs-items-description__title-details\">64 Kbps (G.711ulaw\/G.711alaw)\/16 Kbps (G.722.1)\/16 Kbps (G.726)\/32 to 160 Kbps (MP2L2)\/16 to 64 Kbps (AAC)<\/span><\/li>\n<li><span class=\"tech-specs-items-description__title\">Audio Sampling Rate<\/span><span class=\"tech-specs-items-description__title-details\">8 kHz\/16 kHz<\/span><\/li>\n<li><span class=\"tech-specs-items-description__title\">Environment Noise Filtering<\/span><span class=\"tech-specs-items-description__title-details\">Yes<\/span><\/li>\n<\/ul>\n<ul>\n<li><span class=\"tech-specs-items-description__title--heading\"><b>Network<\/b><\/span><\/li>\n<li><span class=\"tech-specs-items-description__title\">Protocols<\/span><span class=\"tech-specs-items-description__title-details\">TCP\/IP, ICMP, HTTP, HTTPS, FTP, DHCP, DNS, DDNS, RTP, RTSP, RTCP, NTP, UPnP\u2122, SMTP, IGMP, 802.1X, QoS, IPv6, Bonjour, IPv4, UDP, SSL\/TLS<\/span><\/li>\n<li><span class=\"tech-specs-items-description__title\">Simultaneous Live View<\/span><span class=\"tech-specs-items-description__title-details\">Up to 6 channels<\/span><\/li>\n<li><span class=\"tech-specs-items-description__title\">API<\/span><span class=\"tech-specs-items-description__title-details\">Open Network Video Interface, ISAPI<\/span><\/li>\n<li><span class=\"tech-specs-items-description__title\">User\/Host<\/span><span class=\"tech-specs-items-description__title-details\">Up to 32 users. 3 levels: administrator, operator and user<\/span><\/li>\n<li><span class=\"tech-specs-items-description__title\">Network Storage<\/span><span class=\"tech-specs-items-description__title-details\">MicroSD\/SDHC\/SDXC card (256 GB) local storage<\/span><\/li>\n<li><span class=\"tech-specs-items-description__title\">Client<\/span><span class=\"tech-specs-items-description__title-details\">iVMS-4200, Hik-Connect<\/span><\/li>\n<li><span class=\"tech-specs-items-description__title\">Web Browser<\/span>Plug-in required live view: IE 10+Plug-in free live view: Chrome 57.0+, Firefox 52.0+\n<p>Local service: Chrome 57.0+, Firefox 52.0+<\/li>\n<\/ul>\n<ul>\n<li><span class=\"tech-specs-items-description__title--heading\"><b>Image<\/b><\/span><\/li>\n<li><span class=\"tech-specs-items-description__title\">Image Settings<\/span><span class=\"tech-specs-items-description__title-details\">Saturation, brightness, contrast, sharpness, AGC, white balance adjustable by client software or web browser.<\/span><\/li>\n<li><span class=\"tech-specs-items-description__title\">Day\/Night Switch<\/span><span class=\"tech-specs-items-description__title-details\">Day, Night, Auto, Schedule<\/span><\/li>\n<li><span class=\"tech-specs-items-description__title\">Wide Dynamic Range (WDR)<\/span><span class=\"tech-specs-items-description__title-details\">Digital WDR<\/span><\/li>\n<li><span class=\"tech-specs-items-description__title\">SNR<\/span><span class=\"tech-specs-items-description__title-details\">\u2265 52 dB<\/span><\/li>\n<li><span class=\"tech-specs-items-description__title\">Image Enhancement<\/span><span class=\"tech-specs-items-description__title-details\">BLC, 3D DNR<\/span><\/li>\n<\/ul>\n<ul>\n<li><span class=\"tech-specs-items-description__title--heading\"><b>Interface<\/b><\/span><\/li>\n<li><span class=\"tech-specs-items-description__title\">Ethernet Interface<\/span><span class=\"tech-specs-items-description__title-details\">1 RJ45 10 M\/100 M self-adaptive Ethernet port<\/span><\/li>\n<li><span class=\"tech-specs-items-description__title\">On-Board Storage<\/span><span class=\"tech-specs-items-description__title-details\">Built-in memory card slot, support microSD card, up to 256 GB<\/span><\/li>\n<li><span class=\"tech-specs-items-description__title\">Built-In Microphone<\/span><span class=\"tech-specs-items-description__title-details\">Yes<\/span><\/li>\n<li><span class=\"tech-specs-items-description__title\">Reset Key<\/span><span class=\"tech-specs-items-description__title-details\">Yes<\/span><\/li>\n<\/ul>\n<ul>\n<li><span class=\"tech-specs-items-description__title--heading\"><b>Event<\/b><\/span><\/li>\n<li><span class=\"tech-specs-items-description__title\">Basic Event<\/span><span class=\"tech-specs-items-description__title-details\">Motion detection, video tampering alarm, exception<\/span><\/li>\n<li><span class=\"tech-specs-items-description__title\">Linkage<\/span><span class=\"tech-specs-items-description__title-details\">Upload to FTP\/memory card, notify surveillance center, send email, trigger recording, trigger capture<\/span><\/li>\n<\/ul>\n<ul>\n<li><span class=\"tech-specs-items-description__title--heading\">General<\/span><\/li>\n<li><span class=\"tech-specs-items-description__title\">Power<\/span>12 VDC \u00b1 25%, 0.4 A, max. 5 W, \u00d85.5 mm coaxial power plugPoE: 802.3af, Class 3, 36 V to 57 V, 0.2 A to 0.15 A, max. 6.5 W<\/li>\n<li><span class=\"tech-specs-items-description__title\">Dimension<\/span><span class=\"tech-specs-items-description__title-details\">177.6 mm \u00d7 66.2 mm \u00d7 67.8 mm (7.0&#8243; \u00d7 2.6&#8243; \u00d7 2.7&#8243;)<\/span><\/li>\n<li><span class=\"tech-specs-items-description__title\">Package Dimension<\/span><span class=\"tech-specs-items-description__title-details\">216 mm \u00d7 121 mm \u00d7 118 mm (8.5&#8243; \u00d7 4.8&#8243; \u00d7 4.6&#8243;)<\/span><\/li>\n<li><span class=\"tech-specs-items-description__title\">Weight<\/span><span class=\"tech-specs-items-description__title-details\">Approx. 270 g (0.6 lb.)<\/span><\/li>\n<li><span class=\"tech-specs-items-description__title\">With Package Weight<\/span><span class=\"tech-specs-items-description__title-details\">Approx. 490 g (1.1 lb.)<\/span><\/li>\n<li><span class=\"tech-specs-items-description__title\">Storage Conditions<\/span><span class=\"tech-specs-items-description__title-details\">-30 \u00b0C to 60 \u00b0C (-22 \u00b0F to 140 \u00b0F). Humidity: 95% or less (non-condensing)<\/span><\/li>\n<li><span class=\"tech-specs-items-description__title\">Startup And Operating Conditions<\/span><span class=\"tech-specs-items-description__title-details\">-30 \u00b0C to 60 \u00b0C (-22 \u00b0F to 140 \u00b0F). Humidity: 95% or less (non-condensing)<\/span><\/li>\n<li><span class=\"tech-specs-items-description__title\">Language<\/span><span class=\"tech-specs-items-description__title-details\">English, Ukrainian<\/span><\/li>\n<li><span class=\"tech-specs-items-description__title\">General Function<\/span><span class=\"tech-specs-items-description__title-details\">Anti-flicker, heartbeat, mirror, password protection, privacy mask, watermark, IP address filter<\/span><\/li>\n<\/ul>\n<ul>\n<li><span class=\"tech-specs-items-description__title--heading\"><b>Approval<\/b><\/span><\/li>\n<li><span class=\"tech-specs-items-description__title\">EMC<\/span><span class=\"tech-specs-items-description__title-details\">FCC SDoC (47 CFR Part 15, Subpart B); CE-EMC (EN 55032: 2015, EN 61000-3-2: 2014, EN 61000-3-3: 2013, EN 50130-4: 2011 +A1: 2014); RCM (AS\/NZS CISPR 32: 2015); IC VoC (ICES-003: Issue 6, 2016); KC (KN 32: 2015, KN 35: 2015)<\/span><\/li>\n<li><span class=\"tech-specs-items-description__title\">Safety<\/span><span class=\"tech-specs-items-description__title-details\">UL (UL 60950-1); CB (IEC 60950-1:2005 + Am 1:2009 + Am 2:2013, IEC 62368-1:2014); CE-LVD (EN 60950-1:2005 + Am 1:2009 + Am 2:2013, IEC 62368-1:2014); BIS (IS 13252(Part 1):2010+A1:2013+A2:2015)<\/span><\/li>\n<li><span class=\"tech-specs-items-description__title\">Environment<\/span><span class=\"tech-specs-items-description__title-details\">CE-RoHS (2011\/65\/EU); WEEE (2012\/19\/EU); Reach (Regulation (EC) No 1907\/2006)<\/span><\/li>\n<li><span class=\"tech-specs-items-description__title\">Protection<\/span><span class=\"tech-specs-items-description__title-details\">IP67 (IEC 60529-2013)<\/span><\/li>\n<\/ul>","protected":false},"excerpt":{"rendered":"<h6><strong>2 MP \u10d8\u10dc\u10e2\u10d4\u10d2\u10e0\u10d8\u10e0\u10d4\u10d1\u10e3\u10da\u10d8 \u10db\u10d8\u10d9\u10e0\u10dd\u10e4\u10dd\u10dc\u10d8\u10d0\u10dc\u10d8 \u10e4\u10d8\u10e5\u10e1\u10d8\u10e0\u10d4\u10d1\u10e3\u10da\u10d8 \u10d1\u10d8\u10e3\u10da\u10d4\u10e2\u10e3\u10e0\u10d8 \u10e5\u10e1\u10d4\u10da\u10e3\u10e0\u10d8 \u10d9\u10d0\u10db\u10d4\u10e0\u10d0<\/strong><\/h6>\n<h6><strong>\u10db\u10d0\u10e6\u10d0\u10da\u10d8 \u10ee\u10d0\u10e0\u10d8\u10e1\u10ee\u10d8\u10e1 \u10d2\u10d0\u10db\u10dd\u10e1\u10d0\u10ee\u10e3\u10da\u10d4\u10d1\u10d0<\/strong>\u00a02 MP \u10e0\u10d4\u10d6\u10dd\u10da\u10e3\u10ea\u10d8\u10d8\u10d7<\/h6>\n<h6><strong>\u10d4\u10e4\u10d4\u10e5\u10e2\u10e3\u10e0\u10d8 H.265+ \u10d9\u10dd\u10db\u10de\u10e0\u10d4\u10e1\u10d8\u10d8\u10e1 \u10e2\u10d4\u10e5\u10dc\u10dd\u10da\u10dd\u10d2\u10d8\u10d0<\/strong>: \u10e8\u10d4\u10d0\u10db\u10ea\u10d8\u10e0\u10d4\u10d1\u10e1 \u10db\u10dd\u10dc\u10d0\u10ea\u10d4\u10db\u10d7\u10d0 \u10db\u10dd\u10ea\u10e3\u10da\u10dd\u10d1\u10d0\u10e1, \u10e0\u10d8\u10d7\u10d0\u10ea \u10d0\u10e3\u10db\u10ef\u10dd\u10d1\u10d4\u10e1\u10d4\u10d1\u10e1 \u10e1\u10e2\u10e0\u10d8\u10db\u10d8\u10dc\u10d2\u10d8\u10e1 \u10e8\u10d4\u10e1\u10e0\u10e3\u10da\u10d4\u10d1\u10d0\u10e1<\/h6>\n<h6><strong>DWDR \u10e2\u10d4\u10e5\u10dc\u10dd\u10da\u10dd\u10d2\u10d8\u10d0<\/strong>: \u10e3\u10d6\u10e0\u10e3\u10dc\u10d5\u10d4\u10da\u10e7\u10dd\u10e4\u10e1 \u10e1\u10e3\u10e4\u10d7\u10d0 \u10d2\u10d0\u10db\u10dd\u10e1\u10d0\u10ee\u10e3\u10da\u10d4\u10d1\u10d0\u10e1 \u10eb\u10da\u10d8\u10d4\u10e0 \u10e3\u10d9\u10d0\u10dc\u10d0 \u10d2\u10d0\u10dc\u10d0\u10d7\u10d4\u10d1\u10d0\u10e1\u10d7\u10d0\u10dc\u10d0\u10ea<\/h6>\n<h6><strong>\u10ec\u10e7\u10da\u10d8\u10e1\u10d0 \u10d3\u10d0 \u10db\u10e2\u10d5\u10e0\u10d8\u10e1\u10d2\u10d0\u10dc \u10d3\u10d0\u10ea\u10d5\u10d0<\/strong>\u00a0(IP67): \u10d9\u10d0\u10db\u10d4\u10e0\u10d0 \u10d2\u10d0\u10db\u10eb\u10da\u10d4\u10d0 \u10d2\u10d0\u10e0\u10d4 \u10de\u10d8\u10e0\u10dd\u10d1\u10d4\u10d1\u10e8\u10d8, \u10d0\u10e1\u10d4\u10d7\u10d8\u10d5\u10d4 \u10db\u10d0\u10e6\u10d0\u10da\u10d8 \u10d3\u10dd\u10dc\u10d4 \u10d3\u10d0\u10ea\u10e3\u10da\u10dd\u10d1\u10d0<\/h6>\n<h6><strong>EXIR 2.0<\/strong>: \u10db\u10dd\u10ec\u10d8\u10dc\u10d0\u10d5\u10d4 \u10d8\u10dc\u10e4\u10e0\u10d0\u10ec\u10d8\u10d7\u10d4\u10da\u10d8 \u10e2\u10d4\u10e5\u10dc\u10dd\u10da\u10dd\u10d2\u10d8\u10d0, \u10e0\u10dd\u10db\u10d4\u10da\u10d8\u10ea \u10e3\u10d6\u10e0\u10e3\u10dc\u10d5\u10d4\u10da\u10e7\u10dd\u10e4\u10e1 \u10e3\u10e4\u10e0\u10dd \u10d3\u10d8\u10d3 IR \u10d3\u10d8\u10d0\u10de\u10d0\u10d6\u10dd\u10dc\u10e1<\/h6>\n<h6><strong>\u10db\u10ee\u10d0\u10e0\u10d3\u10d0\u10ed\u10d4\u10e0\u10d0<\/strong>: \u10db\u10d0\u10e5\u10e1\u10d8\u10db\u10e3\u10db 256 GB SD \u10d1\u10d0\u10e0\u10d0\u10d7\u10d8\u10e1 \u10db\u10d4\u10ee\u10e1\u10d8\u10d4\u10e0\u10d4\u10d1\u10d8\u10e1<\/h6>\n<h6><strong>\u10d8\u10dc\u10e2\u10d4\u10d2\u10e0\u10d8\u10e0\u10d4\u10d1\u10e3\u10da\u10d8 \u10db\u10d8\u10d9\u10e0\u10dd\u10e4\u10dd\u10dc\u10d8<\/strong>: \u10e0\u10d4\u10d0\u10da\u10e3\u10e0 \u10d3\u10e0\u10dd\u10e8\u10d8 \u10d0\u10e3\u10d3\u10d8\u10dd \u10e3\u10e1\u10d0\u10e4\u10e0\u10d7\u10ee\u10dd\u10d4\u10d1\u10d8\u10e1\u10d7\u10d5\u10d8\u10e1<\/h6>","protected":false},"featured_media":2427,"comment_status":"open","ping_status":"closed","template":"","meta":[],"product_brand":[65],"product_cat":[361,327,15,326],"product_tag":[],"class_list":{"0":"post-2426","1":"product","2":"type-product","3":"status-publish","4":"has-post-thumbnail","6":"product_brand-hikvision","7":"product_cat-2--ip-","8":"product_cat-ip-","9":"product_cat-15","10":"product_cat-326","12":"first","13":"instock","14":"shipping-taxable","15":"purchasable","16":"product-type-simple"},"_links":{"self":[{"href":"https:\/\/itsfero.ge\/en\/wp-json\/wp\/v2\/product\/2426","targetHints":{"allow":["GET"]}}],"collection":[{"href":"https:\/\/itsfero.ge\/en\/wp-json\/wp\/v2\/product"}],"about":[{"href":"https:\/\/itsfero.ge\/en\/wp-json\/wp\/v2\/types\/product"}],"replies":[{"embeddable":true,"href":"https:\/\/itsfero.ge\/en\/wp-json\/wp\/v2\/comments?post=2426"}],"version-history":[{"count":2,"href":"https:\/\/itsfero.ge\/en\/wp-json\/wp\/v2\/product\/2426\/revisions"}],"predecessor-version":[{"id":2429,"href":"https:\/\/itsfero.ge\/en\/wp-json\/wp\/v2\/product\/2426\/revisions\/2429"}],"wp:featuredmedia":[{"embeddable":true,"href":"https:\/\/itsfero.ge\/en\/wp-json\/wp\/v2\/media\/2427"}],"wp:attachment":[{"href":"https:\/\/itsfero.ge\/en\/wp-json\/wp\/v2\/media?parent=2426"}],"wp:term":[{"taxonomy":"product_brand","embeddable":true,"href":"https:\/\/itsfero.ge\/en\/wp-json\/wp\/v2\/product_brand?post=2426"},{"taxonomy":"product_cat","embeddable":true,"href":"https:\/\/itsfero.ge\/en\/wp-json\/wp\/v2\/product_cat?post=2426"},{"taxonomy":"product_tag","embeddable":true,"href":"https:\/\/itsfero.ge\/en\/wp-json\/wp\/v2\/product_tag?post=2426"}],"curies":[{"name":"wp","href":"https:\/\/api.w.org\/{rel}","templated":true}]}}