{"id":2422,"date":"2025-10-25T20:28:09","date_gmt":"2025-10-25T20:28:09","guid":{"rendered":"https:\/\/itsfero.ge\/?post_type=product&#038;p=2422"},"modified":"2025-10-25T20:28:09","modified_gmt":"2025-10-25T20:28:09","slug":"2422","status":"publish","type":"product","link":"https:\/\/itsfero.ge\/en\/product\/2422\/","title":{"rendered":""},"content":{"rendered":"<p><strong>Camera<\/strong><\/p>\n<ul>\n<li><span class=\"tech-specs-items-description__title\">Image Sensor<\/span><span class=\"tech-specs-items-description__title-details\">1\/3&#8243; Progressive Scan CMOS<\/span><\/li>\n<li><span class=\"tech-specs-items-description__title\">Max. Resolution<\/span><span class=\"tech-specs-items-description__title-details\">2560 \u00d7 1440<\/span><\/li>\n<li><span class=\"tech-specs-items-description__title\">Min. Illumination<\/span><span class=\"tech-specs-items-description__title-details\">Color: 0.01 Lux @ (F2.0, AGC ON), B\/W: 0 Lux with IR<\/span><\/li>\n<li><span class=\"tech-specs-items-description__title\">Shutter Time<\/span><span class=\"tech-specs-items-description__title-details\">1\/3 s to 1\/100,000 s<\/span><\/li>\n<li><span class=\"tech-specs-items-description__title\">Day &amp; Night<\/span><span class=\"tech-specs-items-description__title-details\">IR cut filter<\/span><\/li>\n<li><span class=\"tech-specs-items-description__title\">Angle Adjustment<\/span><span class=\"tech-specs-items-description__title-details\">Pan: 0\u00b0 to 355\u00b0, tilt: 0\u00b0 to 75\u00b0<\/span><\/li>\n<\/ul>\n<p><strong>Lens<\/strong><\/p>\n<ul>\n<li><span class=\"tech-specs-items-description__title\">Lens Type<\/span><span class=\"tech-specs-items-description__title-details\">Fixed focal lens, 2.8 and 4 mm optional<\/span><\/li>\n<li><span class=\"tech-specs-items-description__title\">Focal Length &amp; FOV<\/span>2.8 mm, horizontal FOV 99\u00b0, vertical FOV 55\u00b0, diagonal FOV 116\u00b0\n<p>4 mm, horizontal FOV 76\u00b0, vertical FOV 41\u00b0, diagonal FOV 90\u00b0<\/li>\n<li><span class=\"tech-specs-items-description__title\">Lens Mount<\/span><span class=\"tech-specs-items-description__title-details\">M12<\/span><\/li>\n<li><span class=\"tech-specs-items-description__title\">Iris Type<\/span><span class=\"tech-specs-items-description__title-details\">Fixed<\/span><\/li>\n<li><span class=\"tech-specs-items-description__title\">Aperture<\/span><span class=\"tech-specs-items-description__title-details\">F2.0<\/span><\/li>\n<\/ul>\n<ul>\n<li><span class=\"tech-specs-items-description__title--heading\">DORI<\/span><\/li>\n<li><span class=\"tech-specs-items-description__title\">DORI<\/span>2.8 mm, D: 59 m, O: 23 m, R: 11 m, I: 5 m\n<p>4 mm, D: 79 m, O: 31 m, R: 15 m, I: 7 m<\/li>\n<\/ul>\n<p><strong>Illuminator<\/strong><\/p>\n<ul>\n<li><span class=\"tech-specs-items-description__title\">Supplement Light Type<\/span><span class=\"tech-specs-items-description__title-details\">IR<\/span><\/li>\n<li><span class=\"tech-specs-items-description__title\">Supplement Light Range<\/span><span class=\"tech-specs-items-description__title-details\">Up to 30 m<\/span><\/li>\n<li><span class=\"tech-specs-items-description__title\">Smart Supplement Light<\/span><span class=\"tech-specs-items-description__title-details\">Yes<\/span><\/li>\n<li><span class=\"tech-specs-items-description__title\">IR Wavelength<\/span><span class=\"tech-specs-items-description__title-details\">850 nm<\/span><\/li>\n<\/ul>\n<p><strong>Video<\/strong><\/p>\n<ul>\n<li><span class=\"tech-specs-items-description__title\">Main Stream<\/span>50 Hz:\n<p>20 fps (2560 \u00d7 1440)<\/p>\n<p>25 fps (1920 \u00d7 1080, 1280 \u00d7 720)<\/p>\n<p>60 Hz:<\/p>\n<p>20 fps (2560 \u00d7 1440)<\/p>\n<p>24 fps (1920 \u00d7 1080, 1280 \u00d7 720)<\/li>\n<li><span class=\"tech-specs-items-description__title\">Sub-Stream<\/span>50 Hz: 25 fps (1280 \u00d7 720, 640 \u00d7 480, 640 \u00d7 360)\n<p>60 Hz: 24 fps (1280 \u00d7 720, 640 \u00d7 480, 640 \u00d7 360)<\/li>\n<li><span class=\"tech-specs-items-description__title\">Video Compression<\/span>Main stream: H.265+\/H.265\/H.264+\/H.264\n<p>Sub-stream: H.265\/H.264\/MJPEG<\/li>\n<li><span class=\"tech-specs-items-description__title\">Video Bit Rate<\/span><span class=\"tech-specs-items-description__title-details\">32 Kbps to 8 Mbps<\/span><\/li>\n<li><span class=\"tech-specs-items-description__title\">H.264 Type<\/span><span class=\"tech-specs-items-description__title-details\">Baseline Profile\/Main Profile\/High Profile<\/span><\/li>\n<li><span class=\"tech-specs-items-description__title\">H.265 Type<\/span><span class=\"tech-specs-items-description__title-details\">Main Profile<\/span><\/li>\n<li><span class=\"tech-specs-items-description__title\">Bit Rate Control<\/span><span class=\"tech-specs-items-description__title-details\">CBR\/VBR<\/span><\/li>\n<li><span class=\"tech-specs-items-description__title\">Region Of Interest (ROI)<\/span><span class=\"tech-specs-items-description__title-details\">1 fixed region for main stream<\/span><\/li>\n<\/ul>\n<p><strong>Network<\/strong><\/p>\n<ul>\n<li><span class=\"tech-specs-items-description__title\">Security<\/span><span class=\"tech-specs-items-description__title-details\">Password protection, complicated password, watermark, basic and digest authentication for HTTP, WSSE and digest authentication for Open Network Video Interface, security audit log, host authentication (MAC address)<\/span><\/li>\n<li><span class=\"tech-specs-items-description__title\">Simultaneous Live View<\/span><span class=\"tech-specs-items-description__title-details\">Up to 6 channels<\/span><\/li>\n<li><span class=\"tech-specs-items-description__title\">API<\/span><span class=\"tech-specs-items-description__title-details\">Open Network Video Interface (Profile S, Profile T), ISAPI, SDK<\/span><\/li>\n<li><span class=\"tech-specs-items-description__title\">Protocols<\/span><span class=\"tech-specs-items-description__title-details\">TCP\/IP, ICMP, DHCP, DNS, HTTP, RTP, RTSP, NTP, IGMP, IPv6, UDP, QoS, FTP, SMTP<\/span><\/li>\n<li><span class=\"tech-specs-items-description__title\">User\/Host<\/span>Up to 32 users\n<p>3 levels: administrator, operator, and user<\/li>\n<li><span class=\"tech-specs-items-description__title\">Client<\/span><span class=\"tech-specs-items-description__title-details\">iVMS-4200, Hik-Connect<\/span><\/li>\n<li><span class=\"tech-specs-items-description__title\">Web Browser<\/span>Plug-in required live view: IE 10, IE 11\n<p>Local service: Chrome 57.0+, Firefox 52.0+<\/li>\n<\/ul>\n<p><strong>Image<\/strong><\/p>\n<ul>\n<li><span class=\"tech-specs-items-description__title\">Wide Dynamic Range (WDR)<\/span><span class=\"tech-specs-items-description__title-details\">120 dB<\/span><\/li>\n<li><span class=\"tech-specs-items-description__title\">SNR<\/span><span class=\"tech-specs-items-description__title-details\">\u2265 52 dB<\/span><\/li>\n<li><span class=\"tech-specs-items-description__title\">Day\/Night Switch<\/span><span class=\"tech-specs-items-description__title-details\">Day, Night, Auto, Schedule<\/span><\/li>\n<li><span class=\"tech-specs-items-description__title\">Image Enhancement<\/span><span class=\"tech-specs-items-description__title-details\">BLC, HLC, 3D DNR<\/span><\/li>\n<li><span class=\"tech-specs-items-description__title\">Image Settings<\/span><span class=\"tech-specs-items-description__title-details\">Rotate mode, saturation, brightness, contrast, sharpness, gain, white balance, adjustable by client software or web browser<\/span><\/li>\n<li><span class=\"tech-specs-items-description__title\">Privacy Mask<\/span><span class=\"tech-specs-items-description__title-details\">4 programmable polygon privacy masks<\/span><\/li>\n<\/ul>\n<p><strong>Interface<\/strong><\/p>\n<ul>\n<li><span class=\"tech-specs-items-description__title\">Ethernet Interface<\/span><span class=\"tech-specs-items-description__title-details\">1 RJ45 10 M\/100 M self-adaptive Ethernet port<\/span><\/li>\n<\/ul>\n<p><strong>Event<\/strong><\/p>\n<ul>\n<li><span class=\"tech-specs-items-description__title\">Basic Event<\/span><span class=\"tech-specs-items-description__title-details\">Motion detection (support alarm triggering by specified target types (human and vehicle)), video tampering alarm, exception<\/span><\/li>\n<li><span class=\"tech-specs-items-description__title\">Linkage<\/span><span class=\"tech-specs-items-description__title-details\">Upload to FTP, send email, notify surveillance center, trigger capture<\/span><\/li>\n<\/ul>\n<p><strong>General<\/strong><\/p>\n<ul>\n<li><span class=\"tech-specs-items-description__title\">Power<\/span>12 VDC \u00b1 25%, 0.4 A, max. 5 W, \u00d85.5 mm coaxial power plug\n<p>PoE: 802.3af, Class 3, 36 V to 57 V, 0.2 A to 0.15 A, max. 6.5 W<\/li>\n<li><span class=\"tech-specs-items-description__title\">Material<\/span><span class=\"tech-specs-items-description__title-details\">Metal &amp; Plastic<\/span><\/li>\n<li><span class=\"tech-specs-items-description__title\">Dimension<\/span><span class=\"tech-specs-items-description__title-details\">\u00d8110.8 mm \u00d7 84.7 mm (\u00d84.4&#8243; \u00d7 3.3&#8243;)<\/span><\/li>\n<li><span class=\"tech-specs-items-description__title\">Package Dimension<\/span><span class=\"tech-specs-items-description__title-details\">134 mm \u00d7 134 mm \u00d7 108 mm (5.3&#8243; \u00d7 5.3&#8243; \u00d7 4.3&#8243;)<\/span><\/li>\n<li><span class=\"tech-specs-items-description__title\">Weight<\/span><span class=\"tech-specs-items-description__title-details\">Approx. 520 g (1.1 lb.)<\/span><\/li>\n<li><span class=\"tech-specs-items-description__title\">With Package Weight<\/span><span class=\"tech-specs-items-description__title-details\">Approx. 720 g (1.6 lb.)<\/span><\/li>\n<li><span class=\"tech-specs-items-description__title\">Storage Conditions<\/span><span class=\"tech-specs-items-description__title-details\">-30 \u00b0C to 60 \u00b0C (-22 \u00b0F to 140 \u00b0F). Humidity 95% or less (non-condensing)<\/span><\/li>\n<li><span class=\"tech-specs-items-description__title\">Startup And Operating Conditions<\/span><span class=\"tech-specs-items-description__title-details\">-30 \u00b0C to 60 \u00b0C (-22 \u00b0F to 140 \u00b0F). Humidity 95% or less (non-condensing)<\/span><\/li>\n<li><span class=\"tech-specs-items-description__title\">Language<\/span><span class=\"tech-specs-items-description__title-details\">English, Ukrainian<\/span><\/li>\n<li><span class=\"tech-specs-items-description__title\">General Function<\/span><span class=\"tech-specs-items-description__title-details\">Heartbeat, anti-banding, mirror, password protection, password reset via email<\/span><\/li>\n<\/ul>\n<p><strong>Approval<\/strong><\/p>\n<ul>\n<li><span class=\"tech-specs-items-description__title\">EMC<\/span>FCC: 47 CFR Part 15, Subpart B\n<p>CE-EMC: EN 55032: 2015, EN 61000-3-2:2019, EN 61000-3-3: 2013+A1:2019, EN 50130-4: 2011 +A1: 2014<\/p>\n<p>RCM: AS\/NZS CISPR 32: 2015<\/p>\n<p>IC: ICES-003: Issue 7<\/p>\n<p>KC: KN32: 2015, KN35: 2015<\/li>\n<li><span class=\"tech-specs-items-description__title\">Safety<\/span>UL: UL 62368-1\n<p>CB: IEC 62368-1: 2014+A11<\/p>\n<p>CE-LVD: EN 62368-1: 2014\/A11: 2017<\/p>\n<p>BIS: IS 13252 (Part 1): 2010\/IEC 60950-1: 2005<\/li>\n<li><span class=\"tech-specs-items-description__title\">Environment<\/span>CE-RoHS: 2011\/65\/EU\n<p>WEEE: 2012\/19\/EU<\/p>\n<p>Reach: Regulation (EC) No 1907\/2006<\/li>\n<\/ul>","protected":false},"excerpt":{"rendered":"<h6>4 MP MD2.0 \u10e4\u10d8\u10e5\u10e1\u10d8\u10e0\u10d4\u10d1\u10e3\u10da\u10d8 \u10d3\u10dd\u10db\u10e3\u10e0\u10d8 \u10e5\u10e1\u10d4\u10da\u10e3\u10e0\u10d8 \u10d9\u10d0\u10db\u10d4\u10e0\u10d0<\/h6>\n<h6>\u10db\u10d0\u10e6\u10d0\u10da\u10d8 \u10ee\u10d0\u10e0\u10d8\u10e1\u10ee\u10d8\u10e1 \u10d2\u10d0\u10db\u10dd\u10e1\u10d0\u10ee\u10e3\u10da\u10d4\u10d1\u10d0\u00a04 MP \u10e0\u10d4\u10d6\u10dd\u10da\u10e3\u10ea\u10d8\u10d8\u10d7<\/h6>\n<h6>\u10db\u10ee\u10d0\u10e0\u10d3\u10d0\u10ed\u10d4\u10e0\u10d0 \u10d0\u10d3\u10d0\u10db\u10d8\u10d0\u10dc\u10d4\u10d1\u10d8\u10e1\u10d0 \u10d3\u10d0 \u10e1\u10d0\u10e2\u10e0\u10d0\u10dc\u10e1\u10de\u10dd\u10e0\u10e2\u10dd \u10e1\u10d0\u10e8\u10e3\u10d0\u10da\u10d4\u10d1\u10d4\u10d1\u10d8\u10e1 \u10d0\u10db\u10dd\u10ea\u10dc\u10dd\u10d1\u10d8\u10e1\u10d7\u10d5\u10d8\u10e1<\/h6>\n<h6>\u10ec\u10e7\u10da\u10d8\u10e1\u10d0 \u10d3\u10d0 \u10db\u10e2\u10d5\u10e0\u10d8\u10e1\u10d2\u10d0\u10dc \u10d3\u10d0\u10ea\u10d5\u10d0\u00a0(IP67) \u10d3\u10d0\u00a0\u10d5\u10d0\u10dc\u10d3\u10d0\u10da\u10d8\u10d6\u10db\u10d8\u10e1\u10d2\u10d0\u10dc \u10d3\u10d0\u10ea\u10d5\u10d0\u00a0(IK10): \u10d2\u10d0\u10db\u10eb\u10da\u10d4 \u10d2\u10d0\u10e0\u10d4 \u10de\u10d8\u10e0\u10dd\u10d1\u10d4\u10d1\u10d8\u10e1\u10d7\u10d5\u10d8\u10e1<\/h6>\n<h6>120 dB WDR \u10e2\u10d4\u10e5\u10dc\u10dd\u10da\u10dd\u10d2\u10d8\u10d0: \u10db\u10d9\u10d0\u10e4\u10d8\u10dd \u10d2\u10d0\u10db\u10dd\u10e1\u10d0\u10ee\u10e3\u10da\u10d4\u10d1\u10d0 \u10eb\u10da\u10d8\u10d4\u10e0\u10d8 \u10e3\u10d9\u10d0\u10dc\u10d0 \u10d2\u10d0\u10dc\u10d0\u10d7\u10d4\u10d1\u10d8\u10e1 \u10de\u10d8\u10e0\u10dd\u10d1\u10d4\u10d1\u10e8\u10d8<\/h6>\n<h6>\u10d4\u10e4\u10d4\u10e5\u10e2\u10e3\u10e0\u10d8 H.265+ \u10d9\u10dd\u10db\u10de\u10e0\u10d4\u10e1\u10d8\u10d8\u10e1 \u10e2\u10d4\u10e5\u10dc\u10dd\u10da\u10dd\u10d2\u10d8\u10d0: \u10dd\u10de\u10e2\u10d8\u10db\u10d8\u10d6\u10d8\u10e0\u10d4\u10d1\u10e3\u10da\u10d8 \u10db\u10dd\u10dc\u10d0\u10ea\u10d4\u10db\u10d7\u10d0 \u10d2\u10d0\u10d3\u10d0\u10ea\u10d4\u10db\u10d0 \u10d3\u10d0 \u10db\u10d0\u10e6\u10d0\u10da \u10ee\u10d0\u10e0\u10d8\u10e1\u10ee\u10d8\u10d0\u10dc\u10d8 \u10d2\u10d0\u10db\u10dd\u10e1\u10d0\u10ee\u10e3\u10da\u10d4\u10d1\u10d0<\/h6>\n<h6>EXIR 2.0: \u10db\u10dd\u10ec\u10d8\u10dc\u10d0\u10d5\u10d4 \u10d8\u10dc\u10e4\u10e0\u10d0\u10ec\u10d8\u10d7\u10d4\u10da\u10d8 \u10e2\u10d4\u10e5\u10dc\u10dd\u10da\u10dd\u10d2\u10d8\u10d0, \u10d2\u10e0\u10eb\u10d4\u10da IR \u10d3\u10d8\u10d0\u10de\u10d0\u10d6\u10dd\u10dc\u10d7\u10d0\u10dc<\/h6>","protected":false},"featured_media":2424,"comment_status":"open","ping_status":"closed","template":"","meta":[],"product_brand":[65],"product_cat":[327,15,326],"product_tag":[],"class_list":{"0":"post-2422","1":"product","2":"type-product","3":"status-publish","4":"has-post-thumbnail","6":"product_brand-hikvision","7":"product_cat-ip-","8":"product_cat-15","9":"product_cat-326","11":"first","12":"instock","13":"shipping-taxable","14":"purchasable","15":"product-type-simple"},"_links":{"self":[{"href":"https:\/\/itsfero.ge\/en\/wp-json\/wp\/v2\/product\/2422","targetHints":{"allow":["GET"]}}],"collection":[{"href":"https:\/\/itsfero.ge\/en\/wp-json\/wp\/v2\/product"}],"about":[{"href":"https:\/\/itsfero.ge\/en\/wp-json\/wp\/v2\/types\/product"}],"replies":[{"embeddable":true,"href":"https:\/\/itsfero.ge\/en\/wp-json\/wp\/v2\/comments?post=2422"}],"version-history":[{"count":1,"href":"https:\/\/itsfero.ge\/en\/wp-json\/wp\/v2\/product\/2422\/revisions"}],"predecessor-version":[{"id":2425,"href":"https:\/\/itsfero.ge\/en\/wp-json\/wp\/v2\/product\/2422\/revisions\/2425"}],"wp:featuredmedia":[{"embeddable":true,"href":"https:\/\/itsfero.ge\/en\/wp-json\/wp\/v2\/media\/2424"}],"wp:attachment":[{"href":"https:\/\/itsfero.ge\/en\/wp-json\/wp\/v2\/media?parent=2422"}],"wp:term":[{"taxonomy":"product_brand","embeddable":true,"href":"https:\/\/itsfero.ge\/en\/wp-json\/wp\/v2\/product_brand?post=2422"},{"taxonomy":"product_cat","embeddable":true,"href":"https:\/\/itsfero.ge\/en\/wp-json\/wp\/v2\/product_cat?post=2422"},{"taxonomy":"product_tag","embeddable":true,"href":"https:\/\/itsfero.ge\/en\/wp-json\/wp\/v2\/product_tag?post=2422"}],"curies":[{"name":"wp","href":"https:\/\/api.w.org\/{rel}","templated":true}]}}