{"id":2407,"date":"2025-10-25T20:14:48","date_gmt":"2025-10-25T20:14:48","guid":{"rendered":"https:\/\/itsfero.ge\/?post_type=product&#038;p=2407"},"modified":"2026-04-10T21:06:18","modified_gmt":"2026-04-10T21:06:18","slug":"%e1%83%99%e1%83%90%e1%83%9b%e1%83%94%e1%83%a0%e1%83%90-ds-2cd1143g2-liu2-8mm4mp-dome-smart-hybrid-light","status":"publish","type":"product","link":"https:\/\/itsfero.ge\/en\/product\/%e1%83%99%e1%83%90%e1%83%9b%e1%83%94%e1%83%a0%e1%83%90-ds-2cd1143g2-liu2-8mm4mp-dome-smart-hybrid-light\/","title":{"rendered":"\u10d9\u10d0\u10db\u10d4\u10e0\u10d0 DS-2CD1143G2-LIU(2.8mm)4MP, Dome, Smart Hybrid Light"},"content":{"rendered":"<p>\u10d9\u10d0\u10db\u10d4\u10e0\u10d0<br \/>\n\u10d2\u10d0\u10db\u10dd\u10e1\u10d0\u10ee\u10e3\u10da\u10d4\u10d1\u10d8\u10e1 \u10e1\u10d4\u10dc\u10e1\u10dd\u10e0\u10d8<br \/>\n1\/3&#8243; \u10de\u10e0\u10dd\u10d2\u10e0\u10d4\u10e1\u10e3\u10da\u10d8 \u10e1\u10d9\u10d0\u10dc\u10d8\u10e0\u10d4\u10d1\u10d0 CMOS<br \/>\n\u10db\u10d0\u10e5\u10e1. \u10e0\u10d4\u10d6\u10dd\u10da\u10e3\u10ea\u10d8\u10d0<br \/>\n2560 \u00d7 1440<br \/>\n\u10db\u10d8\u10dc. \u10d2\u10d0\u10dc\u10d0\u10d7\u10d4\u10d1\u10d0<br \/>\n\u10e4\u10d4\u10e0\u10d8: 0.005 Lux @ (F1.6, AGC ON), B\/W: 0 Lux IR<br \/>\n\u10e9\u10d0\u10db\u10d9\u10d4\u10e2\u10d8\u10e1 \u10d3\u10e0\u10dd<br \/>\n1\/3 \u10ec\u10db-\u10d3\u10d0\u10dc 1\/100000 \u10ec\u10db-\u10db\u10d3\u10d4<br \/>\n\u10d3\u10e6\u10d4 \u10d3\u10d0 \u10e6\u10d0\u10db\u10d4<br \/>\nIR \u10d3\u10d0\u10ed\u10e0\u10d8\u10da\u10d8 \u10e4\u10d8\u10da\u10e2\u10e0\u10d8<br \/>\n\u10d9\u10e3\u10d7\u10ee\u10d8\u10e1 \u10e0\u10d4\u10d2\u10e3\u10da\u10d8\u10e0\u10d4\u10d1\u10d0<br \/>\n\u10de\u10d0\u10dc\u10d4\u10da\u10d8: 0\u00b0-\u10d3\u10d0\u10dc 355\u00b0-\u10db\u10d3\u10d4, \u10d3\u10d0\u10ee\u10e0\u10d8\u10da\u10dd\u10d1\u10d0: 0\u00b0-\u10d3\u10d0\u10dc 75\u00b0-\u10db\u10d3\u10d4, \u10e0\u10dd\u10e2\u10d0\u10ea\u10d8\u10d0: 0\u00b0-\u10d3\u10d0\u10dc 355\u00b0-\u10db\u10d3\u10d4<br \/>\n\u10dd\u10d1\u10d8\u10d4\u10e5\u10e2\u10d8\u10d5\u10d8<br \/>\n\u10da\u10d8\u10dc\u10d6\u10d8\u10e1 \u10e2\u10d8\u10de\u10d8<br \/>\n\u10e4\u10d8\u10e5\u10e1\u10d8\u10e0\u10d4\u10d1\u10e3\u10da\u10d8 \u10e4\u10dd\u10d9\u10d0\u10da\u10e3\u10e0\u10d8 \u10dd\u10d1\u10d8\u10d4\u10e5\u10e2\u10d8\u10d5\u10d8, 2.8 \u10d3\u10d0 4 \u10db\u10db \u10e1\u10e3\u10e0\u10d5\u10d8\u10da\u10d8\u10e1\u10d0\u10db\u10d4\u10d1\u10e0<br \/>\n\u10e4\u10dd\u10d9\u10e3\u10e1\u10e3\u10e0\u10d8 \u10e1\u10d8\u10d2\u10e0\u10eb\u10d4 \u10d3\u10d0 FOV<br \/>\n2.8 \u10db\u10db, \u10f0\u10dd\u10e0\u10d8\u10d6\u10dd\u10dc\u10e2\u10d0\u10da\u10e3\u10e0\u10d8 FOV 98\u00b0, \u10d5\u10d4\u10e0\u10e2\u10d8\u10d9\u10d0\u10da\u10e3\u10e0\u10d8 FOV 54\u00b0, \u10d3\u10d8\u10d0\u10d2\u10dd\u10dc\u10d0\u10da\u10d8 FOV 114\u00b0<\/p>\n<p>4 \u10db\u10db, \u10f0\u10dd\u10e0\u10d8\u10d6\u10dd\u10dc\u10e2\u10d0\u10da\u10e3\u10e0\u10d8 FOV 78\u00b0, \u10d5\u10d4\u10e0\u10e2\u10d8\u10d9\u10d0\u10da\u10e3\u10e0\u10d8 FOV 42\u00b0, \u10d3\u10d8\u10d0\u10d2\u10dd\u10dc\u10d0\u10da\u10d8 FOV 93\u00b0<\/p>\n<p>\u10da\u10d8\u10dc\u10d6\u10d8\u10e1 \u10e1\u10d0\u10db\u10d0\u10d2\u10e0\u10d8<br \/>\nM12<br \/>\n\u10d8\u10e0\u10d8\u10e1\u10d8\u10e1 \u10e2\u10d8\u10de\u10d8<br \/>\n\u10d3\u10d0\u10e4\u10d8\u10e5\u10e1\u10d8\u10e0\u10d3\u10d0<br \/>\n\u10d3\u10d8\u10d0\u10e4\u10e0\u10d0\u10d2\u10db\u10d0<br \/>\nF1.6<br \/>\n\u10d3\u10dd\u10e0\u10d8<br \/>\n\u10d3\u10dd\u10e0\u10d8<br \/>\n2,8 \u10db\u10db, D: 63 \u10db, O: 25 \u10db, R: 12 \u10db, I: 6 \u10db<\/p>\n<p>4 \u10db\u10db, D: 78 \u10db, O: 31 \u10db, R: 15 \u10db, I: 7 \u10db<\/p>\n<p>\u10d8\u10da\u10e3\u10db\u10d8\u10dc\u10d0\u10e2\u10dd\u10e0\u10d8<br \/>\n\u10d3\u10d0\u10dc\u10d0\u10db\u10d0\u10e2\u10d8\u10e1 \u10e1\u10d8\u10dc\u10d0\u10d7\u10da\u10d8\u10e1 \u10e2\u10d8\u10de\u10d8<br \/>\nIR, \u10d7\u10d4\u10d7\u10e0\u10d8 \u10e8\u10e3\u10e5\u10d8<br \/>\n\u10e1\u10d8\u10dc\u10d0\u10d7\u10da\u10d8\u10e1 \u10d3\u10d8\u10d0\u10de\u10d0\u10d6\u10dd\u10dc\u10d8\u10e1 \u10d3\u10d0\u10db\u10d0\u10e2\u10d4\u10d1\u10d0<br \/>\n30 \u10db-\u10db\u10d3\u10d4<br \/>\n\u10e1\u10db\u10d0\u10e0\u10e2 \u10d3\u10d0\u10dc\u10d0\u10db\u10d0\u10e2\u10d8\u10e1 \u10d2\u10d0\u10dc\u10d0\u10d7\u10d4\u10d1\u10d0<br \/>\n\u10d3\u10d8\u10d0\u10ee<br \/>\nIR \u10e2\u10d0\u10da\u10e6\u10d8\u10e1 \u10e1\u10d8\u10d2\u10e0\u10eb\u10d4<br \/>\n850 \u10dc\u10db<br \/>\n\u10d5\u10d8\u10d3\u10d4\u10dd<br \/>\n\u10db\u10d7\u10d0\u10d5\u10d0\u10e0\u10d8 \u10dc\u10d0\u10d9\u10d0\u10d3\u10d8<br \/>\n50 \u10f0\u10ea:<\/p>\n<p>20 fps (2560 \u00d7 1440)<\/p>\n<p>25 fps (1920 \u00d7 1080, 1280 \u00d7 720)<\/p>\n<p>60 \u10f0\u10ea:<\/p>\n<p>20 fps (2560 \u00d7 1440)<\/p>\n<p>24 fps (1920 \u00d7 1080, 1280 \u00d7 720)<\/p>\n<p>\u10e5\u10d5\u10d4-\u10dc\u10d0\u10d9\u10d0\u10d3\u10d8<br \/>\n50 Hz: 25 fps (1280 \u00d7 720, 640 \u00d7 480, 640 \u00d7 360)<\/p>\n<p>60 Hz: 24 fps (1280 \u00d7 720, 640 \u00d7 480, 640 \u00d7 360)<\/p>\n<p>\u10d5\u10d8\u10d3\u10d4\u10dd \u10e8\u10d4\u10d9\u10e3\u10db\u10e8\u10d5\u10d0<br \/>\n\u10eb\u10d8\u10e0\u10d8\u10d7\u10d0\u10d3\u10d8 \u10dc\u10d0\u10d9\u10d0\u10d3\u10d8: H.265+\/H.265\/H.264+\/H.264,<\/p>\n<p>\u10e5\u10d5\u10d4 \u10dc\u10d0\u10d9\u10d0\u10d3\u10d8: H.265\/H.264\/MJPEG<\/p>\n<p>\u10d5\u10d8\u10d3\u10d4\u10dd \u10d1\u10d8\u10e2\u10d8\u10e1 \u10e1\u10d8\u10ee\u10e8\u10d8\u10e0\u10d4<br \/>\n32 Kbps-\u10d3\u10d0\u10dc 8 Mbps-\u10db\u10d3\u10d4<br \/>\nH.264 \u10e2\u10d8\u10de\u10d8<br \/>\n\u10e1\u10d0\u10d1\u10d0\u10d6\u10d8\u10e1\u10dd \u10de\u10e0\u10dd\u10e4\u10d8\u10da\u10d8, \u10db\u10d7\u10d0\u10d5\u10d0\u10e0\u10d8 \u10de\u10e0\u10dd\u10e4\u10d8\u10da\u10d8, \u10db\u10d0\u10e6\u10d0\u10da\u10d8 \u10de\u10e0\u10dd\u10e4\u10d8\u10da\u10d8<br \/>\nH.265 \u10e2\u10d8\u10de\u10d8<br \/>\n\u10db\u10d7\u10d0\u10d5\u10d0\u10e0\u10d8 \u10de\u10e0\u10dd\u10e4\u10d8\u10da\u10d8<br \/>\n\u10d1\u10d8\u10e2\u10d8\u10e1 \u10e1\u10d8\u10e9\u10e5\u10d0\u10e0\u10d8\u10e1 \u10d9\u10dd\u10dc\u10e2\u10e0\u10dd\u10da\u10d8<br \/>\nCBR, VBR<br \/>\n\u10d8\u10dc\u10e2\u10d4\u10e0\u10d4\u10e1\u10d8\u10e1 \u10e0\u10d4\u10d2\u10d8\u10dd\u10dc\u10d8 (ROI)<br \/>\n1 \u10e4\u10d8\u10e5\u10e1\u10d8\u10e0\u10d4\u10d1\u10e3\u10da\u10d8 \u10e0\u10d4\u10d2\u10d8\u10dd\u10dc\u10d8 \u10db\u10d7\u10d0\u10d5\u10d0\u10e0\u10d8 \u10dc\u10d0\u10d9\u10d0\u10d3\u10d8\u10e1\u10d7\u10d5\u10d8\u10e1<br \/>\n\u10d0\u10e3\u10d3\u10d8\u10dd<br \/>\n\u10d0\u10e3\u10d3\u10d8\u10dd \u10e2\u10d8\u10de\u10d8<br \/>\n\u10db\u10dd\u10dc\u10dd \u10ee\u10db\u10d0<br \/>\n\u10d2\u10d0\u10e0\u10d4\u10db\u10dd\u10e1 \u10ee\u10db\u10d0\u10e3\u10e0\u10d8\u10e1 \u10e4\u10d8\u10da\u10e2\u10e0\u10d0\u10ea\u10d8\u10d0<br \/>\n\u10d3\u10d8\u10d0\u10ee<br \/>\n\u10d0\u10e3\u10d3\u10d8\u10dd \u10e8\u10d4\u10e0\u10e9\u10d4\u10d5\u10d8\u10e1 \u10e1\u10d8\u10e9\u10e5\u10d0\u10e0\u10d4<br \/>\n8 kHz\/16 kHz<br \/>\n\u10d0\u10e3\u10d3\u10d8\u10dd \u10e8\u10d4\u10d9\u10e3\u10db\u10e8\u10d5\u10d0<br \/>\nG.711ulaw\/G.711alaw\/G.722.1\/G.726\/MP2L2\/PCM\/AAC-LC<br \/>\n\u10d0\u10e3\u10d3\u10d8\u10dd \u10d1\u10d8\u10e2\u10d8\u10e1 \u10e1\u10d8\u10ee\u10e8\u10d8\u10e0\u10d4<br \/>\n64 Kbps (G.711 ulaw)\/64 Kbps (G.711 alaw)\/16 Kbps (G.722.1)\/16 Kbps (G.726)\/32-\u10d3\u10d0\u10dc 160 Kbps-\u10db\u10d3\u10d4 (MP2L2)\/16-\u10d3\u10d0\u10dc 64 Kbps-\u10db\u10d3\u10d4 (AAC-LC )<br \/>\n\u10e5\u10e1\u10d4\u10da\u10d8<br \/>\n\u10e3\u10e1\u10d0\u10e4\u10e0\u10d7\u10ee\u10dd\u10d4\u10d1\u10d0<br \/>\n\u10de\u10d0\u10e0\u10dd\u10da\u10d8\u10e1 \u10d3\u10d0\u10ea\u10d5\u10d0, \u10e0\u10d7\u10e3\u10da\u10d8 \u10de\u10d0\u10e0\u10dd\u10da\u10d8, \u10ed\u10d5\u10d8\u10e0\u10dc\u10d8\u10e8\u10d0\u10dc\u10d8, \u10eb\u10d8\u10e0\u10d8\u10d7\u10d0\u10d3\u10d8 \u10d3\u10d0 \u10d3\u10d0\u10d8\u10ef\u10d4\u10e1\u10e2\u10d8\u10e1 \u10d0\u10d5\u10e2\u10dd\u10e0\u10d8\u10d6\u10d0\u10ea\u10d8\u10d0 HTTP, WSSE \u10d3\u10d0 \u10d3\u10d0\u10d8\u10ef\u10d4\u10e1\u10e2\u10d8\u10e1 \u10d0\u10d5\u10e2\u10dd\u10e0\u10d8\u10d6\u10d0\u10ea\u10d8\u10d0 \u10e6\u10d8\u10d0 \u10e5\u10e1\u10d4\u10da\u10d8\u10e1 \u10d5\u10d8\u10d3\u10d4\u10dd \u10d8\u10dc\u10e2\u10d4\u10e0\u10e4\u10d4\u10d8\u10e1\u10d8\u10e1\u10d7\u10d5\u10d8\u10e1, \u10e3\u10e1\u10d0\u10e4\u10e0\u10d7\u10ee\u10dd\u10d4\u10d1\u10d8\u10e1 \u10d0\u10e3\u10d3\u10d8\u10e2\u10d8\u10e1 \u10df\u10e3\u10e0\u10dc\u10d0\u10da\u10d8, \u10f0\u10dd\u10e1\u10e2\u10d8\u10e1 \u10d0\u10d5\u10d7\u10d4\u10dc\u10e2\u10d8\u10e4\u10d8\u10d9\u10d0\u10ea\u10d8\u10d0 (MAC \u10db\u10d8\u10e1\u10d0\u10db\u10d0\u10e0\u10d7\u10d8)<br \/>\n\u10d4\u10e0\u10d7\u10d3\u10e0\u10dd\u10e3\u10da\u10d8 Live View<br \/>\n6-\u10db\u10d3\u10d4 \u10d0\u10e0\u10ee\u10d8<br \/>\nAPI<br \/>\n\u10e6\u10d8\u10d0 \u10e5\u10e1\u10d4\u10da\u10d8\u10e1 \u10d5\u10d8\u10d3\u10d4\u10dd \u10d8\u10dc\u10e2\u10d4\u10e0\u10e4\u10d4\u10d8\u10e1\u10d8 (\u10de\u10e0\u10dd\u10e4\u10d8\u10da\u10d8 S, \u10de\u10e0\u10dd\u10e4\u10d8\u10da\u10d8 T, \u10de\u10e0\u10dd\u10e4\u10d8\u10da\u10d8 G (\u10db\u10ee\u10dd\u10da\u10dd\u10d3 -F \u10db\u10dd\u10d3\u10d4\u10da\u10d8\u10e1 \u10db\u10ee\u10d0\u10e0\u10d3\u10d0\u10ed\u10d4\u10e0\u10d0)), ISAPI, SDK<br \/>\n\u10de\u10e0\u10dd\u10e2\u10dd\u10d9\u10dd\u10da\u10d4\u10d1\u10d8<br \/>\nTCP\/IP, ICMP, DHCP, DNS, HTTP, RTP, RTSP, NTP, IGMP, IPv6, UDP, QoS, FTP, SMTP<br \/>\n\u10db\u10dd\u10db\u10ee\u10db\u10d0\u10e0\u10d4\u10d1\u10d4\u10da\u10d8\/\u10db\u10d0\u10e1\u10de\u10d8\u10dc\u10eb\u10d4\u10da\u10d8<br \/>\n32-\u10db\u10d3\u10d4 \u10db\u10dd\u10db\u10ee\u10db\u10d0\u10e0\u10d4\u10d1\u10d4\u10da\u10d8<\/p>\n<p>\u10db\u10dd\u10db\u10ee\u10db\u10d0\u10e0\u10d4\u10d1\u10da\u10d8\u10e1 3 \u10d3\u10dd\u10dc\u10d4: \u10d0\u10d3\u10db\u10d8\u10dc\u10d8\u10e1\u10e2\u10e0\u10d0\u10e2\u10dd\u10e0\u10d8, \u10dd\u10de\u10d4\u10e0\u10d0\u10e2\u10dd\u10e0\u10d8 \u10d3\u10d0 \u10db\u10dd\u10db\u10ee\u10db\u10d0\u10e0\u10d4\u10d1\u10d4\u10da\u10d8<\/p>\n<p>\u10d9\u10da\u10d8\u10d4\u10dc\u10e2\u10d8<br \/>\niVMS-4200, Hik-Connect<br \/>\n\u10d5\u10d4\u10d1 \u10d1\u10e0\u10d0\u10e3\u10d6\u10d4\u10e0\u10d8<br \/>\n\u10d3\u10d0\u10dc\u10d0\u10db\u10d0\u10e2\u10d8\u10e1 \u10e1\u10d0\u10ed\u10d8\u10e0\u10dd \u10de\u10d8\u10e0\u10d3\u10d0\u10de\u10d8\u10e0\u10d8 \u10ee\u10d4\u10d3\u10d5\u10d0: IE 10, IE 11,<\/p>\n<p>\u10d0\u10d3\u10d2\u10d8\u10da\u10dd\u10d1\u10e0\u10d8\u10d5\u10d8 \u10e1\u10d4\u10e0\u10d5\u10d8\u10e1\u10d8: Chrome 57.0+, Firefox 52.0+<\/p>\n<p>\u10d2\u10d0\u10db\u10dd\u10e1\u10d0\u10ee\u10e3\u10da\u10d4\u10d1\u10d0<br \/>\n\u10e4\u10d0\u10e0\u10d7\u10dd \u10d3\u10d8\u10dc\u10d0\u10db\u10d8\u10e3\u10e0\u10d8 \u10d3\u10d8\u10d0\u10de\u10d0\u10d6\u10dd\u10dc\u10d8 (WDR)<br \/>\n120 \u10d3\u10d1<br \/>\nSNR<br \/>\n\u2265 52 \u10d3\u10d1<br \/>\n\u10d3\u10e6\u10d8\u10e1\/\u10e6\u10d0\u10db\u10d8\u10e1 \u10d2\u10d0\u10d3\u10d0\u10db\u10e0\u10d7\u10d5\u10d4\u10da\u10d8<br \/>\n\u10d3\u10e6\u10d4, \u10e6\u10d0\u10db\u10d4, \u10d0\u10d5\u10e2\u10dd\u10db\u10d0\u10e2\u10e3\u10e0\u10d8, \u10d2\u10d0\u10dc\u10e0\u10d8\u10d2\u10d8<br \/>\n\u10d2\u10d0\u10db\u10dd\u10e1\u10d0\u10ee\u10e3\u10da\u10d4\u10d1\u10d8\u10e1 \u10d2\u10d0\u10e3\u10db\u10ef\u10dd\u10d1\u10d4\u10e1\u10d4\u10d1\u10d0<br \/>\nBLC, HLC, 3D DNR<br \/>\n\u10e1\u10e3\u10e0\u10d0\u10d7\u10d8\u10e1 \u10de\u10d0\u10e0\u10d0\u10db\u10d4\u10e2\u10e0\u10d4\u10d1\u10d8<br \/>\n\u10d1\u10e0\u10e3\u10dc\u10d5\u10d8\u10e1 \u10e0\u10d4\u10df\u10d8\u10db\u10d8, \u10d2\u10d0\u10ef\u10d4\u10e0\u10d4\u10d1\u10d0, \u10e1\u10d8\u10d9\u10d0\u10e8\u10d9\u10d0\u10e8\u10d4, \u10d9\u10dd\u10dc\u10e2\u10e0\u10d0\u10e1\u10e2\u10d8, \u10e1\u10d8\u10db\u10d9\u10d5\u10d4\u10d7\u10e0\u10d4, \u10db\u10dd\u10db\u10d0\u10e2\u10d4\u10d1\u10d0, \u10d7\u10d4\u10d7\u10e0\u10d8 \u10d1\u10d0\u10da\u10d0\u10dc\u10e1\u10d8, \u10e0\u10d4\u10d2\u10e3\u10da\u10d8\u10e0\u10d4\u10d1\u10d0\u10d3\u10d8 \u10d9\u10da\u10d8\u10d4\u10dc\u10e2\u10d8\u10e1 \u10de\u10e0\u10dd\u10d2\u10e0\u10d0\u10db\u10e3\u10da\u10d8 \u10e3\u10d6\u10e0\u10e3\u10dc\u10d5\u10d4\u10da\u10e7\u10dd\u10e4\u10d8\u10e1 \u10d0\u10dc \u10d5\u10d4\u10d1 \u10d1\u10e0\u10d0\u10e3\u10d6\u10d4\u10e0\u10d8\u10e1 \u10db\u10d8\u10d4\u10e0<br \/>\n\u10d9\u10dd\u10dc\u10e4\u10d8\u10d3\u10d4\u10dc\u10ea\u10d8\u10d0\u10da\u10e3\u10e0\u10dd\u10d1\u10d8\u10e1 \u10dc\u10d8\u10e6\u10d0\u10d1\u10d8<br \/>\n4 \u10de\u10e0\u10dd\u10d2\u10e0\u10d0\u10db\u10d8\u10e0\u10d4\u10d1\u10d0\u10d3\u10d8 \u10de\u10dd\u10da\u10d8\u10d2\u10dd\u10dc\u10d8\u10e1 \u10d9\u10dd\u10dc\u10e4\u10d8\u10d3\u10d4\u10dc\u10ea\u10d8\u10d0\u10da\u10e3\u10e0\u10dd\u10d1\u10d8\u10e1 \u10dc\u10d8\u10e6\u10d0\u10d1\u10d8<br \/>\n\u10d8\u10dc\u10e2\u10d4\u10e0\u10e4\u10d4\u10d8\u10e1\u10d8<br \/>\nEthernet \u10d8\u10dc\u10e2\u10d4\u10e0\u10e4\u10d4\u10d8\u10e1\u10d8<br \/>\n1 RJ45 10 M\/100 M \u10d7\u10d5\u10d8\u10d7\u10d0\u10d3\u10d0\u10de\u10e2\u10d8\u10e0\u10d4\u10d1\u10d0\u10d3\u10d8 Ethernet \u10de\u10dd\u10e0\u10e2\u10d8<br \/>\n\u10d1\u10dd\u10e0\u10e2\u10d6\u10d4 \u10e1\u10d0\u10ea\u10d0\u10d5\u10d8<br \/>\n-F: \u10e9\u10d0\u10e8\u10d4\u10dc\u10d4\u10d1\u10e3\u10da\u10d8 \u10db\u10d4\u10ee\u10e1\u10d8\u10d4\u10e0\u10d4\u10d1\u10d8\u10e1 \u10d1\u10d0\u10e0\u10d0\u10d7\u10d8\u10e1 \u10e1\u10da\u10dd\u10e2\u10d8, microSD\/microSDHC\/microSDXC \u10d1\u10d0\u10e0\u10d0\u10d7\u10d8\u10e1 \u10db\u10ee\u10d0\u10e0\u10d3\u10d0\u10ed\u10d4\u10e0\u10d0, 512 \u10d2\u10d1-\u10db\u10d3\u10d4<br \/>\n\u10e9\u10d0\u10db\u10dd\u10dc\u10e2\u10d0\u10df\u10d4\u10d1\u10e3\u10da\u10d8 \u10db\u10d8\u10d9\u10e0\u10dd\u10e4\u10dd\u10dc\u10d8<br \/>\n\u10d3\u10d8\u10d0\u10ee<br \/>\n\u10d2\u10d0\u10d3\u10d0\u10e2\u10d5\u10d8\u10e0\u10d7\u10d5\u10d8\u10e1 \u10d2\u10d0\u10e1\u10d0\u10e6\u10d4\u10d1\u10d8<br \/>\n-\u10e4: \u10d3\u10d8\u10d0\u10ee<br \/>\n\u10e6\u10dd\u10dc\u10d8\u10e1\u10eb\u10d8\u10d4\u10d1\u10d0<br \/>\n\u10eb\u10d8\u10e0\u10d8\u10d7\u10d0\u10d3\u10d8 \u10e6\u10dd\u10dc\u10d8\u10e1\u10eb\u10d8\u10d4\u10d1\u10d0<br \/>\n\u10db\u10dd\u10eb\u10e0\u10d0\u10dd\u10d1\u10d8\u10e1 \u10d2\u10d0\u10db\u10dd\u10d5\u10da\u10d4\u10dc\u10d0 (\u10d2\u10d0\u10dc\u10d2\u10d0\u10e8\u10d8\u10e1 \u10d0\u10db\u10dd\u10e5\u10db\u10d4\u10d3\u10d4\u10d1\u10d8\u10e1 \u10db\u10ee\u10d0\u10e0\u10d3\u10d0\u10ed\u10d4\u10e0\u10d0 \u10db\u10d8\u10d7\u10d8\u10d7\u10d4\u10d1\u10e3\u10da\u10d8 \u10e1\u10d0\u10db\u10d8\u10d6\u10dc\u10d4 \u10e2\u10d8\u10de\u10d4\u10d1\u10d8\u10e1 \u10db\u10d8\u10ee\u10d4\u10d3\u10d5\u10d8\u10d7 (\u10d0\u10d3\u10d0\u10db\u10d8\u10d0\u10dc\u10d8 \u10d3\u10d0 \u10db\u10d0\u10dc\u10e5\u10d0\u10dc\u10d0)), \u10d5\u10d8\u10d3\u10d4\u10dd \u10d2\u10d0\u10e7\u10d0\u10da\u10d1\u10d4\u10d1\u10d8\u10e1 \u10e1\u10d8\u10d2\u10dc\u10d0\u10da\u10d8\u10d6\u10d0\u10ea\u10d8\u10d0, \u10d2\u10d0\u10db\u10dd\u10dc\u10d0\u10d9\u10da\u10d8\u10e1\u10d8<br \/>\n\u10d9\u10d0\u10d5\u10e8\u10d8\u10e0\u10d8<br \/>\n\u10d0\u10e2\u10d5\u10d8\u10e0\u10d7\u10d4\u10d7 FTP\/\u10db\u10d4\u10ee\u10e1\u10d8\u10d4\u10e0\u10d4\u10d1\u10d8\u10e1 \u10d1\u10d0\u10e0\u10d0\u10d7\u10d6\u10d4 (-F), \u10d2\u10d0\u10d2\u10d6\u10d0\u10d5\u10dc\u10d4\u10d7 \u10d4\u10da\u10e4\u10dd\u10e1\u10e2\u10d0, \u10e8\u10d4\u10d0\u10e2\u10e7\u10dd\u10d1\u10d8\u10dc\u10d4\u10d7 \u10e1\u10d0\u10d7\u10d5\u10d0\u10da\u10d7\u10d5\u10d0\u10da\u10dd \u10ea\u10d4\u10dc\u10e2\u10e0\u10e1, \u10e9\u10d0\u10ec\u10d4\u10e0\u10d8\u10e1 \u10e9\u10d0\u10ec\u10d4\u10e0\u10d0 (-F), \u10e2\u10e0\u10d8\u10d2\u10d4\u10e0\u10d8\u10e1 \u10d3\u10d0\u10ed\u10d4\u10e0\u10d0<br \/>\n\u10d2\u10d4\u10dc\u10d4\u10e0\u10d0\u10da\u10d8<br \/>\n\u10eb\u10d0\u10da\u10d0\u10e3\u10e4\u10da\u10d4\u10d1\u10d0<br \/>\n12 VDC \u00b1 25%, 0.5 A, \u10db\u10d0\u10e5\u10e1. 6 W, \u00d85.5 \u10db\u10db \u10d9\u10dd\u10d0\u10e5\u10e1\u10d8\u10d0\u10da\u10e3\u10e0\u10d8 \u10d3\u10d4\u10dc\u10d8\u10e1 \u10e8\u10e2\u10d4\u10e4\u10e1\u10d4\u10da\u10d8, \u10e1\u10d0\u10de\u10d8\u10e0\u10d8\u10e1\u10de\u10d8\u10e0\u10dd \u10de\u10dd\u10da\u10d0\u10e0\u10dd\u10d1\u10d8\u10e1 \u10d3\u10d0\u10ea\u10d5\u10d0,<\/p>\n<p>PoE: IEEE 802.3af, \u10d9\u10da\u10d0\u10e1\u10d8 3, \u10db\u10d0\u10e5\u10e1. 7,5 \u10d5\u10e2<\/p>\n<p>\u10db\u10d0\u10e1\u10d0\u10da\u10d0<br \/>\n\u10db\u10d4\u10e2\u10d0\u10da\u10d8 \u10d3\u10d0 \u10de\u10da\u10d0\u10e1\u10e2\u10db\u10d0\u10e1\u10d8<br \/>\n\u10d2\u10d0\u10dc\u10d6\u10dd\u10db\u10d8\u10da\u10d4\u10d1\u10d0<br \/>\n\u00d8121.4 \u10db\u10db \u00d7 97.7 \u10db\u10db (\u00d84.8&#8243; \u00d7 3.8&#8243;)<br \/>\n\u10de\u10d0\u10d9\u10d4\u10e2\u10d8\u10e1 \u10d6\u10dd\u10db\u10d0<br \/>\n150 \u10db\u10db \u00d7 150 \u10db\u10db \u00d7 141 \u10db\u10db (5.9&#8243; \u00d7 5.9&#8243; \u00d7 5.6&#8243;)<br \/>\n\u10ec\u10dd\u10dc\u10d0<br \/>\n\u10d3\u10d0\u10d0\u10ee\u10da. 550 \u10d2 (1,2 \u10e4\u10e3\u10dc\u10e2\u10d8)<br \/>\n\u10de\u10d0\u10d9\u10d4\u10e2\u10d8\u10e1 \u10ec\u10dd\u10dc\u10d8\u10d7<br \/>\n\u10d3\u10d0\u10d0\u10ee\u10da. 800 \u10d2 (1,8 \u10e4\u10e3\u10dc\u10e2\u10d8)<br \/>\n\u10e8\u10d4\u10dc\u10d0\u10ee\u10d5\u10d8\u10e1 \u10de\u10d8\u10e0\u10dd\u10d1\u10d4\u10d1\u10d8<br \/>\n-30 \u00b0C-\u10d3\u10d0\u10dc 60 \u00b0C-\u10db\u10d3\u10d4 (-22 \u00b0F-\u10d3\u10d0\u10dc 140 \u00b0F-\u10db\u10d3\u10d4). \u10e2\u10d4\u10dc\u10d8\u10d0\u10dc\u10dd\u10d1\u10d0 95% \u10d0\u10dc \u10dc\u10d0\u10d9\u10da\u10d4\u10d1\u10d8 (\u10d0\u10e0\u10d0\u10d9\u10dd\u10dc\u10d3\u10d4\u10dc\u10e1\u10d8\u10e0\u10d4\u10d1\u10d0\u10d3\u10d8)<br \/>\n\u10d2\u10d0\u10e8\u10d5\u10d4\u10d1\u10d8\u10e1 \u10d3\u10d0 \u10db\u10e3\u10e8\u10d0\u10dd\u10d1\u10d8\u10e1 \u10de\u10d8\u10e0\u10dd\u10d1\u10d4\u10d1\u10d8<br \/>\n-30 \u00b0C-\u10d3\u10d0\u10dc 60 \u00b0C-\u10db\u10d3\u10d4 (-22 \u00b0F-\u10d3\u10d0\u10dc 140 \u00b0F-\u10db\u10d3\u10d4). \u10e2\u10d4\u10dc\u10d8\u10d0\u10dc\u10dd\u10d1\u10d0 95% \u10d0\u10dc \u10dc\u10d0\u10d9\u10da\u10d4\u10d1\u10d8 (\u10d0\u10e0\u10d0\u10d9\u10dd\u10dc\u10d3\u10d4\u10dc\u10e1\u10d8\u10e0\u10d4\u10d1\u10d0\u10d3\u10d8)<br \/>\n\u10d4\u10dc\u10d0<br \/>\n\u10d8\u10dc\u10d2\u10da\u10d8\u10e1\u10e3\u10e0\u10d8, \u10e3\u10d9\u10e0\u10d0\u10d8\u10dc\u10e3\u10da\u10d8<br \/>\n\u10d6\u10dd\u10d2\u10d0\u10d3\u10d8 \u10e4\u10e3\u10dc\u10e5\u10ea\u10d8\u10d0<br \/>\n\u10d2\u10e3\u10da\u10d8\u10e1\u10ea\u10d4\u10db\u10d0, \u10d3\u10d0\u10ee\u10d5\u10d4\u10d5\u10d8\u10e1 \u10e1\u10d0\u10ec\u10d8\u10dc\u10d0\u10d0\u10e6\u10db\u10d3\u10d4\u10d2\u10dd, \u10e1\u10d0\u10e0\u10d9\u10d4, \u10de\u10d0\u10e0\u10dd\u10da\u10d8\u10e1 \u10d3\u10d0\u10ea\u10d5\u10d0, \u10de\u10d0\u10e0\u10dd\u10da\u10d8\u10e1 \u10d2\u10d0\u10d3\u10d0\u10e2\u10d5\u10d8\u10e0\u10d7\u10d5\u10d0 \u10d4\u10da\u10d4\u10e5\u10e2\u10e0\u10dd\u10dc\u10e3\u10da\u10d8 \u10e4\u10dd\u10e1\u10e2\u10d8\u10d7<br \/>\n\u10d3\u10d0\u10db\u10e2\u10d9\u10d8\u10ea\u10d4\u10d1\u10d0<br \/>\nEMC<br \/>\nFCC: 47 CFR \u10dc\u10d0\u10ec\u10d8\u10da\u10d8 15, \u10e5\u10d5\u10d4\u10dc\u10d0\u10ec\u10d8\u10da\u10d8 B,<\/p>\n<p>CE-EMC: EN 55032: 2015, EN 61000-3-2:2019, EN 61000-3-3: 2013+A1:2019, EN 50130-4: 2011 +A1: 2014,<\/p>\n<p>RCM: AS\/NZS CISPR 32: 2015,<\/p>\n<p>IC: ICES-003: \u10d2\u10d0\u10db\u10dd\u10ea\u10d4\u10db\u10d0 7<\/p>\n<p>\u10e3\u10e1\u10d0\u10e4\u10e0\u10d7\u10ee\u10dd\u10d4\u10d1\u10d0<br \/>\nUL: UL 62368-1,<\/p>\n<p>CB: IEC 62368-1: 2014+A11,<\/p>\n<p>CE-LVD: EN 62368-1: 2014\/A11: 2017,<\/p>\n<p>BIS: IS 13252 (\u10dc\u10d0\u10ec\u10d8\u10da\u10d8 1): 2010\/IEC 60950-1: 2005 \u10ec.<\/p>\n<p>\u10d2\u10d0\u10e0\u10d4\u10db\u10dd<br \/>\nCE-RoHS: 2011\/65\/EU,<\/p>\n<p>WEEE: 2012\/19\/EU,<\/p>\n<p>\u10db\u10d8\u10e6\u10ec\u10d4\u10d5\u10d0: \u10e0\u10d4\u10d2\u10e3\u10da\u10d0\u10ea\u10d8\u10d0 (EC) No 1907\/2006<\/p>\n<p>\u10d3\u10d0\u10ea\u10d5\u10d0<br \/>\nIP67: IEC 60529-2013, IK08: IEC 62262: 2002<\/p>","protected":false},"excerpt":{"rendered":"<h6><b>4 \u10db\u10d4\u10d2\u10d0\u10de\u10d8\u10e5\u10e1\u10d4\u10da\u10d8\u10d0\u10dc\u10d8 \u10d2\u10d0\u10db\u10dd\u10e1\u10d0\u10ee\u10e3\u10da\u10d4\u10d1\u10d0<\/b>: \u10e3\u10d6\u10e0\u10e3\u10dc\u10d5\u10d4\u10da\u10e7\u10dd\u10e4\u10e1 \u10db\u10d0\u10e6\u10d0\u10da\u10d8 \u10ee\u10d0\u10e0\u10d8\u10e1\u10ee\u10d8\u10e1 \u10d9\u10d0\u10d3\u10e0\u10d4\u10d1\u10e1 4 MP \u10d2\u10d0\u10e4\u10d0\u10e0\u10d7\u10dd\u10d4\u10d1\u10d8\u10d7.<\/h6>\n<h6><b>\u00a0\u10d0\u10d3\u10d0\u10db\u10d8\u10d0\u10dc\u10d8\u10e1\u10d0 \u10d3\u10d0 \u10db\u10d0\u10dc\u10e5\u10d0\u10dc\u10d8\u10e1 \u10d0\u10db\u10dd\u10ea\u10dc\u10dd\u10d1\u10d0<\/b><span class=\"citation-35 citation-end-35\">: \u10d8\u10dc\u10e2\u10d4\u10da\u10d4\u10e5\u10e2\u10e3\u10d0\u10da\u10e3\u10e0\u10d8 \u10e4\u10e3\u10dc\u10e5\u10ea\u10d8\u10d0, \u10e0\u10dd\u10db\u10d4\u10da\u10d8\u10ea \u10d0\u10db\u10dd\u10d8\u10ea\u10dc\u10dd\u10d1\u10e1 \u10d3\u10d0 \u10d2\u10d0\u10dc\u10d0\u10e0\u10e9\u10d4\u10d5\u10e1 \u10d0\u10d3\u10d0\u10db\u10d8\u10d0\u10dc\u10e1\u10d0 \u10d3\u10d0 \u10db\u10d0\u10dc\u10e5\u10d0\u10dc\u10d0\u10e1.<\/span><\/h6>\n<h6><b class=\"button ng-star-inserted\" data-hveid=\"0\" data-ved=\"0CAAQvoAQahcKEwjxxriv5siPAxUAAAAAHQAAAAAQWQ\"><b><br \/>\nSmart Hybrid Light<\/b><span class=\"citation-34 citation-end-34\">: \u10ed\u10d9\u10d5\u10d8\u10d0\u10dc\u10d8 \u10f0\u10d8\u10d1\u10e0\u10d8\u10d3\u10e3\u10da\u10d8 \u10d2\u10d0\u10dc\u10d0\u10d7\u10d4\u10d1\u10d0 \u10d3\u10d8\u10d3\u10d8 \u10db\u10d0\u10dc\u10eb\u10d8\u10da\u10d8\u10d7.<\/span><\/b><\/h6>\n<h6><b class=\"button ng-star-inserted\" data-hveid=\"0\" data-ved=\"0CAAQvoAQahcKEwjxxriv5siPAxUAAAAAHQAAAAAQWQ\"><b>\u10e9\u10d0\u10e8\u10d4\u10dc\u10d4\u10d1\u10e3\u10da\u10d8 \u10db\u10d8\u10d9\u10e0\u10dd\u10e4\u10dd\u10dc\u10d8<\/b><span class=\"citation-33 citation-end-33\">: \u10d8\u10eb\u10da\u10d4\u10d5\u10d0 \u10e0\u10d4\u10d0\u10da\u10e3\u10e0 \u10d3\u10e0\u10dd\u10e8\u10d8 \u10d0\u10e3\u10d3\u10d8\u10dd \u10e3\u10e1\u10d0\u10e4\u10e0\u10d7\u10ee\u10dd\u10d4\u10d1\u10d8\u10e1 \u10e1\u10d0\u10e8\u10e3\u10d0\u10da\u10d4\u10d1\u10d0\u10e1.<\/span><\/b><\/h6>\n<h6><b class=\"button ng-star-inserted\" data-hveid=\"0\" data-ved=\"0CAAQvoAQahcKEwjxxriv5siPAxUAAAAAHQAAAAAQWQ\"><b>H.265+ \u10e8\u10d4\u10d9\u10e3\u10db\u10e8\u10d5\u10d8\u10e1 \u10e2\u10d4\u10e5\u10dc\u10dd\u10da\u10dd\u10d2\u10d8\u10d0<\/b>: \u10e3\u10d6\u10e0\u10e3\u10dc\u10d5\u10d4\u10da\u10e7\u10dd\u10e4\u10e1 \u10d5\u10d8\u10d3\u10d4\u10dd\u10e1 \u10d4\u10e4\u10d4\u10e5\u10e2\u10e3\u10e0 \u10e8\u10d4\u10d9\u10e3\u10db\u10e8\u10d5\u10d0\u10e1.<\/b><\/h6>\n<h6><b class=\"button ng-star-inserted\" data-hveid=\"0\" data-ved=\"0CAAQvoAQahcKEwjxxriv5siPAxUAAAAAHQAAAAAQWQ\"><b>\u10db\u10d4\u10ee\u10e1\u10d8\u10d4\u10e0\u10d4\u10d1\u10d8\u10e1 \u10d1\u10d0\u10e0\u10d0\u10d7\u10d8\u10e1 \u10db\u10ee\u10d0\u10e0\u10d3\u10d0\u10ed\u10d4\u10e0\u10d0<\/b>: \u10d0\u10e5\u10d5\u10e1 \u10e9\u10d0\u10e8\u10d4\u10dc\u10d4\u10d1\u10e3\u10da\u10d8 \u10db\u10d4\u10ee\u10e1\u10d8\u10d4\u10e0\u10d4\u10d1\u10d8\u10e1 \u10d1\u10d0\u10e0\u10d0\u10d7\u10d8\u10e1 \u10e1\u10da\u10dd\u10e2\u10d8, \u10e0\u10dd\u10db\u10da\u10d8\u10e1 \u10db\u10d4\u10e8\u10d5\u10d4\u10dd\u10d1\u10d8\u10d7\u10d0\u10ea \u10e8\u10d4\u10e1\u10d0\u10eb\u10da\u10d4\u10d1\u10d4\u10da\u10d8\u10d0 \u10db\u10d4\u10ee\u10e1\u10d8\u10d4\u10e0\u10d4\u10d1\u10d8\u10e1 \u10d2\u10d0\u10e4\u10d0\u10e0\u10d7\u10dd\u10d4\u10d1\u10d0 512 GB-\u10db\u10d3\u10d4 (\u10d0\u10e0\u10d0\u10e1\u10d0\u10d5\u10d0\u10da\u10d3\u10d4\u10d1\u10e3\u10da\u10dd).<\/b><\/h6>\n<h6><b class=\"button ng-star-inserted\" data-hveid=\"0\" data-ved=\"0CAAQvoAQahcKEwjxxriv5siPAxUAAAAAHQAAAAAQWQ\"><b>IP67 \u10d3\u10d0 IK08 \u10d3\u10d0\u10ea\u10d5\u10d0<\/b><span class=\"citation-32 citation-end-32\">: \u10ec\u10e7\u10d0\u10da\u10d2\u10d0\u10db\u10eb\u10da\u10d4, \u10db\u10e2\u10d5\u10d4\u10e0\u10d2\u10d0\u10db\u10eb\u10da\u10d4 \u10d3\u10d0 \u10d5\u10d0\u10dc\u10d3\u10d0\u10da\u10d2\u10d0\u10db\u10eb\u10da\u10d4<\/span><\/b><\/h6>","protected":false},"featured_media":2410,"comment_status":"open","ping_status":"closed","template":"","meta":[],"product_brand":[65],"product_cat":[362,327,15,326],"product_tag":[],"class_list":{"0":"post-2407","1":"product","2":"type-product","3":"status-publish","4":"has-post-thumbnail","6":"product_brand-hikvision","7":"product_cat-4--ip-","8":"product_cat-ip-","9":"product_cat-15","10":"product_cat-326","12":"first","13":"instock","14":"shipping-taxable","15":"product-type-simple"},"_links":{"self":[{"href":"https:\/\/itsfero.ge\/en\/wp-json\/wp\/v2\/product\/2407","targetHints":{"allow":["GET"]}}],"collection":[{"href":"https:\/\/itsfero.ge\/en\/wp-json\/wp\/v2\/product"}],"about":[{"href":"https:\/\/itsfero.ge\/en\/wp-json\/wp\/v2\/types\/product"}],"replies":[{"embeddable":true,"href":"https:\/\/itsfero.ge\/en\/wp-json\/wp\/v2\/comments?post=2407"}],"version-history":[{"count":1,"href":"https:\/\/itsfero.ge\/en\/wp-json\/wp\/v2\/product\/2407\/revisions"}],"predecessor-version":[{"id":2411,"href":"https:\/\/itsfero.ge\/en\/wp-json\/wp\/v2\/product\/2407\/revisions\/2411"}],"wp:featuredmedia":[{"embeddable":true,"href":"https:\/\/itsfero.ge\/en\/wp-json\/wp\/v2\/media\/2410"}],"wp:attachment":[{"href":"https:\/\/itsfero.ge\/en\/wp-json\/wp\/v2\/media?parent=2407"}],"wp:term":[{"taxonomy":"product_brand","embeddable":true,"href":"https:\/\/itsfero.ge\/en\/wp-json\/wp\/v2\/product_brand?post=2407"},{"taxonomy":"product_cat","embeddable":true,"href":"https:\/\/itsfero.ge\/en\/wp-json\/wp\/v2\/product_cat?post=2407"},{"taxonomy":"product_tag","embeddable":true,"href":"https:\/\/itsfero.ge\/en\/wp-json\/wp\/v2\/product_tag?post=2407"}],"curies":[{"name":"wp","href":"https:\/\/api.w.org\/{rel}","templated":true}]}}