{"id":2385,"date":"2025-10-25T19:52:45","date_gmt":"2025-10-25T19:52:45","guid":{"rendered":"https:\/\/itsfero.ge\/?post_type=product&#038;p=2385"},"modified":"2026-04-10T21:07:49","modified_gmt":"2026-04-10T21:07:49","slug":"x-%e1%83%a1%e1%83%94%e1%83%a0%e1%83%98%e1%83%98%e1%83%a1-4-%e1%83%90%e1%83%a0%e1%83%ae%e1%83%98%e1%83%90%e1%83%9c%e1%83%98-%e1%83%a9%e1%83%90%e1%83%9b%e1%83%ac%e1%83%94%e1%83%a0%e1%83%98-4-%e1%83%9e","status":"publish","type":"product","link":"https:\/\/itsfero.ge\/en\/product\/x-%e1%83%a1%e1%83%94%e1%83%a0%e1%83%98%e1%83%98%e1%83%a1-4-%e1%83%90%e1%83%a0%e1%83%ae%e1%83%98%e1%83%90%e1%83%9c%e1%83%98-%e1%83%a9%e1%83%90%e1%83%9b%e1%83%ac%e1%83%94%e1%83%a0%e1%83%98-4-%e1%83%9e\/","title":{"rendered":"X-\u10e1\u10d4\u10e0\u10d8\u10d8\u10e1 4 \u10d0\u10e0\u10ee\u10d8\u10d0\u10dc\u10d8 \u10e9\u10d0\u10db\u10ec\u10d4\u10e0\u10d8, 4 \u10de\u10dd\u10d4 \u10de\u10dd\u10e0\u10e2\u10d8\u10d7 \u10d3\u10d0 1 \u10e1\u10d0\u10e2\u10d0 \u10d8\u10dc\u10e2\u10d4\u10e0\u10e4\u10d4\u10d8\u10e1\u10d8\u10d7"},"content":{"rendered":"<table border=\"1\" cellspacing=\"1\" cellpadding=\"1\">\n<tbody>\n<tr>\n<td><strong>Model<\/strong><\/td>\n<td><strong>NVR301-04X-P4<\/strong><\/td>\n<\/tr>\n<tr>\n<td colspan=\"2\"><strong>Video\/Audio Input<\/strong><\/td>\n<\/tr>\n<tr>\n<td>IP Video Input<\/td>\n<td>4-ch<\/td>\n<\/tr>\n<tr>\n<td>Two-way Audio Input<\/td>\n<td>1-ch, RCA<\/td>\n<\/tr>\n<tr>\n<td colspan=\"2\"><strong>Network<\/strong><\/td>\n<\/tr>\n<tr>\n<td>Incoming Bandwidth<\/td>\n<td>80Mbps<\/td>\n<\/tr>\n<tr>\n<td>Outgoing Bandwidth<\/td>\n<td>64Mbps<\/td>\n<\/tr>\n<tr>\n<td>Remote Users<\/td>\n<td>128<\/td>\n<\/tr>\n<tr>\n<td>Protocols<\/td>\n<td>TCP\/IP, P2P, UPnP, NTP, DHCP, PPPoE, HTTP, HTTPS, DNS, DDNS, SNMP, SMTP<\/td>\n<\/tr>\n<tr>\n<td rowspan=\"4\">Browser<\/td>\n<td>IE(IE10\/11) for Windows<\/td>\n<\/tr>\n<tr>\n<td>Firefox (version 52.0 and above) for Windows<\/td>\n<\/tr>\n<tr>\n<td>Chrome(version 45 and above) for Windows<\/td>\n<\/tr>\n<tr>\n<td>Edge(version 79 and above) for Windows<\/td>\n<\/tr>\n<tr>\n<td colspan=\"2\"><strong>Video\/Audio Output<\/strong><\/td>\n<\/tr>\n<tr>\n<td rowspan=\"4\">HDMI\/VGA Output<\/td>\n<td>HDMI:<\/td>\n<\/tr>\n<tr>\n<td>3840&#215;2160\/30Hz, 1920x1080p\/60Hz, 1920x1080p\/50Hz, 1600&#215;1200\/60Hz, 1280&#215;1024\/60Hz, 1280&#215;720\/60Hz, 1024&#215;768\/60Hz<\/td>\n<\/tr>\n<tr>\n<td>VGA:<\/td>\n<\/tr>\n<tr>\n<td>1920x1080p\/60Hz, 1920x1080p\/50Hz, 1600&#215;1200\/60Hz, 1280&#215;1024\/60Hz, 1280&#215;720\/60Hz, 1024&#215;768\/60Hz<\/td>\n<\/tr>\n<tr>\n<td>Recording Resolution<\/td>\n<td>4K\/5MP\/4MP\/3MP\/1080p\/960p\/720p\/D1\/2CIF\/CIF<\/td>\n<\/tr>\n<tr>\n<td>Audio Output<\/td>\n<td>1-ch, RCA<\/td>\n<\/tr>\n<tr>\n<td>Audio Compression<\/td>\n<td>G.711A, G.711U<\/td>\n<\/tr>\n<tr>\n<td>Synchronous Playback<\/td>\n<td>4-ch<\/td>\n<\/tr>\n<tr>\n<td>Liveview display<\/td>\n<td>01.\u10d0\u10de\u10e0<\/td>\n<\/tr>\n<tr>\n<td>Corridor Mode Screen<\/td>\n<td>03.\u10d0\u10de\u10e0<\/td>\n<\/tr>\n<tr>\n<td colspan=\"2\"><strong>Snapshot<\/strong><\/td>\n<\/tr>\n<tr>\n<td>FTP\/Schedule\/Event Snapshot<\/td>\n<td>4-ch snapshot, up to D1 resolution<\/td>\n<\/tr>\n<tr>\n<td colspan=\"2\"><strong>Decoding<\/strong><\/td>\n<\/tr>\n<tr>\n<td>Decoding format<\/td>\n<td>Ultra 265\/H.265\/H.264<\/td>\n<\/tr>\n<tr>\n<td>Liveview\/Playback<\/td>\n<td>8MP\/5MP\/4MP\/3MP\/1080p\/960p\/720p\/D1\/2CIF\/CIF<\/td>\n<\/tr>\n<tr>\n<td>Capability<\/td>\n<td>2 x 4k@30, 3 x 5MP@30, 4 x 4MP@30<\/td>\n<\/tr>\n<tr>\n<td colspan=\"2\"><strong>Hard Disk<\/strong><\/td>\n<\/tr>\n<tr>\n<td>SATA<\/td>\n<td>1 SATA interface<\/td>\n<\/tr>\n<tr>\n<td rowspan=\"2\">Capacity<\/td>\n<td>Up to 8TB for each disk<\/td>\n<\/tr>\n<tr>\n<td>(The maximum HDD capacity varies with environment temperature)<\/td>\n<\/tr>\n<tr>\n<td colspan=\"2\"><strong>Smart<\/strong><\/td>\n<\/tr>\n<tr>\n<td>VCA Detection by Camera<\/td>\n<td>Intrusion Detection, Cross Line Detection, Enter Area, Leave Area, Defocus Detection, Scene Change Detection, Object Left Behind, Object Removed, Auto Tracking, Ultra Motion Detection(UMD)<\/td>\n<\/tr>\n<tr>\n<td>VCA Search<\/td>\n<td>Behavior Search<\/td>\n<\/tr>\n<tr>\n<td>People counting<\/td>\n<td>People Flow Counting, Crowd Density Monitoring<\/td>\n<\/tr>\n<tr>\n<td>Smart Intrusion Prevention (SIP), UMD by Camera<\/td>\n<td>Total 4-ch<\/td>\n<\/tr>\n<tr>\n<td colspan=\"2\"><strong>General Alarm<\/strong><\/td>\n<\/tr>\n<tr>\n<td>General Alarm<\/td>\n<td>Motion, Tampering, Human Body Detection, Video Loss, Alarm Input, Audio Detection<\/td>\n<\/tr>\n<tr>\n<td>Alert Alarm<\/td>\n<td>IP Conflict, Network Disconnected, Disk Offline , Disk Abnormal, Illegal Access, Hard Disk Space Low, Hard Disk Full, Recording\/Snapshot Abnormal<\/td>\n<\/tr>\n<tr>\n<td colspan=\"2\"><strong>External Interface<\/strong><\/td>\n<\/tr>\n<tr>\n<td>Network Interface<\/td>\n<td>1 RJ45 10M\/100M self-adaptive Ethernet Interface<\/td>\n<\/tr>\n<tr>\n<td>USB Interface<\/td>\n<td>Rear panel: 1 x USB2.0,1 x USB3.0<\/td>\n<\/tr>\n<tr>\n<td>RS232<\/td>\n<td>NA<\/td>\n<\/tr>\n<tr>\n<td>RS485<\/td>\n<td>NA<\/td>\n<\/tr>\n<tr>\n<td>Alarm In<\/td>\n<td>NA<\/td>\n<\/tr>\n<tr>\n<td>Alarm Out<\/td>\n<td>NA<\/td>\n<\/tr>\n<tr>\n<td colspan=\"2\"><strong>PoE<\/strong><\/td>\n<\/tr>\n<tr>\n<td>Interface<\/td>\n<td>4 RJ45 10M\/100M self-adaptive Ethernet Interface<\/td>\n<\/tr>\n<tr>\n<td rowspan=\"2\">Max Power<\/td>\n<td>Max 30W for single port<\/td>\n<\/tr>\n<tr>\n<td>Max 54W in total<\/td>\n<\/tr>\n<tr>\n<td>Supported Standard<\/td>\n<td>IEEE 802.3at, IEEE 802.3af<\/td>\n<\/tr>\n<tr>\n<td colspan=\"2\"><strong>General<\/strong><\/td>\n<\/tr>\n<tr>\n<td rowspan=\"2\">Power Supply<\/td>\n<td>48V DC<\/td>\n<\/tr>\n<tr>\n<td>Power Consumption: \u22649 W (without HDD)<\/td>\n<\/tr>\n<tr>\n<td>Working Environment<\/td>\n<td>-10\u00b0C ~ + 55\u00b0C (+14\u00b0F ~ +131\u00b0F), Humidity \u2264 90% RH (non-condensing)<\/td>\n<\/tr>\n<tr>\n<td>Dimensions (W\u00d7D\u00d7H)<\/td>\n<td>260mm \u00d7 240mm \u00d7 47mm (10.2&#8243;\u00d79.4&#8243;\u00d71.9 &#8220;)<\/td>\n<\/tr>\n<tr>\n<td>Weight (without HDD)<\/td>\n<td>\u22641kg (2.20 lb)<\/td>\n<\/tr>\n<tr>\n<td colspan=\"2\"><strong>Certification<\/strong><\/td>\n<\/tr>\n<tr>\n<td>Certification<\/td>\n<td>CE, FCC, UL, RoHS, WEEE<\/td>\n<\/tr>\n<tr>\n<td>CE<\/td>\n<td>EN 55032: 2015, EN 61000-3-3: 2013, EN IEC 61000-3-2: 2019, EN 55035: 2017<\/td>\n<\/tr>\n<tr>\n<td>FCC<\/td>\n<td>Part15 Subpart B, ANSI C63.4<\/td>\n<\/tr>\n<\/tbody>\n<\/table>","protected":false},"excerpt":{"rendered":"<p>Model:<\/p>\n<h3>NVR301-04X-P4<\/h3>\n<h3>Brand: Uniview<\/h3>","protected":false},"featured_media":2387,"comment_status":"open","ping_status":"closed","template":"","meta":[],"product_brand":[64],"product_cat":[15,328],"product_tag":[],"class_list":{"0":"post-2385","1":"product","2":"type-product","3":"status-publish","4":"has-post-thumbnail","6":"product_brand-unv","7":"product_cat-15","8":"product_cat-328","10":"first","11":"instock","12":"shipping-taxable","13":"purchasable","14":"product-type-simple"},"_links":{"self":[{"href":"https:\/\/itsfero.ge\/en\/wp-json\/wp\/v2\/product\/2385","targetHints":{"allow":["GET"]}}],"collection":[{"href":"https:\/\/itsfero.ge\/en\/wp-json\/wp\/v2\/product"}],"about":[{"href":"https:\/\/itsfero.ge\/en\/wp-json\/wp\/v2\/types\/product"}],"replies":[{"embeddable":true,"href":"https:\/\/itsfero.ge\/en\/wp-json\/wp\/v2\/comments?post=2385"}],"version-history":[{"count":1,"href":"https:\/\/itsfero.ge\/en\/wp-json\/wp\/v2\/product\/2385\/revisions"}],"predecessor-version":[{"id":2389,"href":"https:\/\/itsfero.ge\/en\/wp-json\/wp\/v2\/product\/2385\/revisions\/2389"}],"wp:featuredmedia":[{"embeddable":true,"href":"https:\/\/itsfero.ge\/en\/wp-json\/wp\/v2\/media\/2387"}],"wp:attachment":[{"href":"https:\/\/itsfero.ge\/en\/wp-json\/wp\/v2\/media?parent=2385"}],"wp:term":[{"taxonomy":"product_brand","embeddable":true,"href":"https:\/\/itsfero.ge\/en\/wp-json\/wp\/v2\/product_brand?post=2385"},{"taxonomy":"product_cat","embeddable":true,"href":"https:\/\/itsfero.ge\/en\/wp-json\/wp\/v2\/product_cat?post=2385"},{"taxonomy":"product_tag","embeddable":true,"href":"https:\/\/itsfero.ge\/en\/wp-json\/wp\/v2\/product_tag?post=2385"}],"curies":[{"name":"wp","href":"https:\/\/api.w.org\/{rel}","templated":true}]}}