{"id":2382,"date":"2025-10-25T19:44:44","date_gmt":"2025-10-25T19:44:44","guid":{"rendered":"https:\/\/itsfero.ge\/?post_type=product&#038;p=2382"},"modified":"2025-12-21T21:47:02","modified_gmt":"2025-12-21T21:47:02","slug":"16-%e1%83%90%e1%83%a0%e1%83%ae%e1%83%98%e1%83%90%e1%83%9c%e1%83%98-%e1%83%a9%e1%83%90%e1%83%9b%e1%83%ac%e1%83%94%e1%83%a0%e1%83%98-2-%e1%83%a1%e1%83%90%e1%83%a2%e1%83%90-%e1%83%98%e1%83%9c%e1%83%a2","status":"publish","type":"product","link":"https:\/\/itsfero.ge\/en\/product\/16-%e1%83%90%e1%83%a0%e1%83%ae%e1%83%98%e1%83%90%e1%83%9c%e1%83%98-%e1%83%a9%e1%83%90%e1%83%9b%e1%83%ac%e1%83%94%e1%83%a0%e1%83%98-2-%e1%83%a1%e1%83%90%e1%83%a2%e1%83%90-%e1%83%98%e1%83%9c%e1%83%a2\/","title":{"rendered":"16 \u10d0\u10e0\u10ee\u10d8 NVR"},"content":{"rendered":"<table border=\"1\" cellspacing=\"1\" cellpadding=\"1\">\n<tbody>\n<tr>\n<td><strong>Model<\/strong><\/td>\n<td><strong>NVR302-16S<\/strong><\/td>\n<\/tr>\n<tr>\n<td colspan=\"2\"><strong>Video\/Audio Input<\/strong><\/td>\n<\/tr>\n<tr>\n<td>IP Video Input<\/td>\n<td>16-ch<\/td>\n<\/tr>\n<tr>\n<td>Two-way Audio Input<\/td>\n<td>1-ch, RCA<\/td>\n<\/tr>\n<tr>\n<td colspan=\"2\"><strong>Network<\/strong><\/td>\n<\/tr>\n<tr>\n<td>Incoming bandwidth<\/td>\n<td>160Mbps<\/td>\n<\/tr>\n<tr>\n<td>Outgoing bandwidth<\/td>\n<td>96Mbps<\/td>\n<\/tr>\n<tr>\n<td>Remote Users<\/td>\n<td>128<\/td>\n<\/tr>\n<tr>\n<td>Protocols<\/td>\n<td>P2P, UPnP, NTP, DHCP, PPPoE<\/td>\n<\/tr>\n<tr>\n<td colspan=\"2\"><strong>Video\/Audio Output<\/strong><\/td>\n<\/tr>\n<tr>\n<td rowspan=\"4\">HDMI\/VGA Output<\/td>\n<td>HDMI:<\/td>\n<\/tr>\n<tr>\n<td>4K (3840&#215;2160)@30, 1920x1080p@60, 1920x1080p@50, 1600&#215;1200@60, 1280&#215;1024@60, 1280&#215;720@60, 1024&#215;768@60<\/td>\n<\/tr>\n<tr>\n<td>VGA:<\/td>\n<\/tr>\n<tr>\n<td>1920x1080p@60, 1920x1080p@50, 1280&#215;1024@60, 1280&#215;720@60, 1024&#215;768@60<\/td>\n<\/tr>\n<tr>\n<td>Audio Output<\/td>\n<td>1-ch, RCA<\/td>\n<\/tr>\n<tr>\n<td>Recording Resolution<\/td>\n<td>8MP\/6MP\/5MP\/4MP\/3MP\/1080p\/960p\/720p\/D1\/2CIF\/CIF<\/td>\n<\/tr>\n<tr>\n<td>Synchronous Playback<\/td>\n<td>16-ch<\/td>\n<\/tr>\n<tr>\n<td>Corridor Mode Screen<\/td>\n<td>3\/4\/5\/7\/9\/10\/12\/16<\/td>\n<\/tr>\n<tr>\n<td colspan=\"2\"><strong>Decoding<\/strong><\/td>\n<\/tr>\n<tr>\n<td>Decoding format<\/td>\n<td>Ultra265\/H.265\/H.264<\/td>\n<\/tr>\n<tr>\n<td>Live view\/Playback<\/td>\n<td>8MP\/6MP\/5MP\/4MP\/3MP\/1080p\/960p\/720p\/D1\/2CIF\/CIF<\/td>\n<\/tr>\n<tr>\n<td>Capability<\/td>\n<td>1 x 4K@30, 1 x 6MP@30,1 x 5MP@30, 2 x 4MP@30, 4 x 1080p@30, 8 x 720p@30,16 x D1<\/td>\n<\/tr>\n<tr>\n<td colspan=\"2\"><strong>Hard Disk<\/strong><\/td>\n<\/tr>\n<tr>\n<td>SATA<\/td>\n<td>2 SATA interface<\/td>\n<\/tr>\n<tr>\n<td rowspan=\"2\">Capacity<\/td>\n<td>Up to 8TB for each disk<\/td>\n<\/tr>\n<tr>\n<td>(The maximum HDD capacity varies with environment temperature)<\/td>\n<\/tr>\n<tr>\n<td colspan=\"2\"><strong>Smart<\/strong><\/td>\n<\/tr>\n<tr>\n<td>VCA Detection<\/td>\n<td>Intrusion detection, Cross line detection, Audio detection, Defocus detection, Scene change detection, Auto tracking<\/td>\n<\/tr>\n<tr>\n<td>VCA Search<\/td>\n<td>Behavior search<\/td>\n<\/tr>\n<tr>\n<td>Statistical Analysis<\/td>\n<td>People counting<\/td>\n<\/tr>\n<tr>\n<td colspan=\"2\"><strong>External Interface<\/strong><\/td>\n<\/tr>\n<tr>\n<td>Network Interface<\/td>\n<td>1 RJ-45 10M\/100M\/1000M self-adaptive Ethernet Interface<\/td>\n<\/tr>\n<tr>\n<td>USB Interface<\/td>\n<td>Rear panel: 1 x USB2.0, Front panel: 1 x USB2.0<\/td>\n<\/tr>\n<tr>\n<td colspan=\"2\"><strong>General<\/strong><\/td>\n<\/tr>\n<tr>\n<td rowspan=\"2\">Power Supply<\/td>\n<td>12V DC<\/td>\n<\/tr>\n<tr>\n<td>Power Consumption: \u2264 7 W (without HDD)<\/td>\n<\/tr>\n<tr>\n<td>Working Environment<\/td>\n<td>-10\u00b0C~+ 55\u00b0C (+14\u00b0F~+131\u00b0F), Humidity \u2264 90% RH (non-condensing)<\/td>\n<\/tr>\n<tr>\n<td>Dimensions (W\u00d7D\u00d7H)<\/td>\n<td>380mm \u00d7 315mm \u00d753mm (15.0&#8243; \u00d7 12.4&#8243; \u00d72.1&#8243;)<\/td>\n<\/tr>\n<tr>\n<td>Weight (without HDD)<\/td>\n<td>\u2264 1.6Kg (3.53lb)<\/td>\n<\/tr>\n<\/tbody>\n<\/table>\n<p>&nbsp;<\/p>","protected":false},"excerpt":{"rendered":"<h5>Model:<\/h5>\n<h5>NVR302-16S Brand: Uniview<\/h5>","protected":false},"featured_media":2383,"comment_status":"open","ping_status":"closed","template":"","meta":[],"product_brand":[64],"product_cat":[15,328],"product_tag":[],"class_list":{"0":"post-2382","1":"product","2":"type-product","3":"status-publish","4":"has-post-thumbnail","6":"product_brand-unv","7":"product_cat-15","8":"product_cat-328","10":"first","11":"instock","12":"shipping-taxable","13":"purchasable","14":"product-type-simple"},"_links":{"self":[{"href":"https:\/\/itsfero.ge\/en\/wp-json\/wp\/v2\/product\/2382","targetHints":{"allow":["GET"]}}],"collection":[{"href":"https:\/\/itsfero.ge\/en\/wp-json\/wp\/v2\/product"}],"about":[{"href":"https:\/\/itsfero.ge\/en\/wp-json\/wp\/v2\/types\/product"}],"replies":[{"embeddable":true,"href":"https:\/\/itsfero.ge\/en\/wp-json\/wp\/v2\/comments?post=2382"}],"version-history":[{"count":3,"href":"https:\/\/itsfero.ge\/en\/wp-json\/wp\/v2\/product\/2382\/revisions"}],"predecessor-version":[{"id":2955,"href":"https:\/\/itsfero.ge\/en\/wp-json\/wp\/v2\/product\/2382\/revisions\/2955"}],"wp:featuredmedia":[{"embeddable":true,"href":"https:\/\/itsfero.ge\/en\/wp-json\/wp\/v2\/media\/2383"}],"wp:attachment":[{"href":"https:\/\/itsfero.ge\/en\/wp-json\/wp\/v2\/media?parent=2382"}],"wp:term":[{"taxonomy":"product_brand","embeddable":true,"href":"https:\/\/itsfero.ge\/en\/wp-json\/wp\/v2\/product_brand?post=2382"},{"taxonomy":"product_cat","embeddable":true,"href":"https:\/\/itsfero.ge\/en\/wp-json\/wp\/v2\/product_cat?post=2382"},{"taxonomy":"product_tag","embeddable":true,"href":"https:\/\/itsfero.ge\/en\/wp-json\/wp\/v2\/product_tag?post=2382"}],"curies":[{"name":"wp","href":"https:\/\/api.w.org\/{rel}","templated":true}]}}